{"id":1001,"date":"2023-07-14T09:47:18","date_gmt":"2023-07-14T09:47:18","guid":{"rendered":"https:\/\/www.grandepermacultura.com\/?page_id=1001"},"modified":"2023-09-20T20:31:36","modified_gmt":"2023-09-20T20:31:36","slug":"trabajos-con-drones","status":"publish","type":"page","link":"https:\/\/www.grandepermacultura.com\/es\/trabajos-con-drones\/","title":{"rendered":"Trabajos con drones"},"content":{"rendered":"\t\t<div data-elementor-type=\"wp-page\" data-elementor-id=\"1001\" class=\"elementor elementor-1001\" data-elementor-post-type=\"page\">\n\t\t\t\t\t\t<section class=\"elementor-section elementor-top-section elementor-element elementor-element-30115c6 elementor-reverse-mobile elementor-section-boxed elementor-section-height-default elementor-section-height-default\" data-id=\"30115c6\" data-element_type=\"section\" data-settings=\"{&quot;background_background&quot;:&quot;classic&quot;}\">\n\t\t\t\t\t\t\t<div class=\"elementor-background-overlay\"><\/div>\n\t\t\t\t\t\t\t<div class=\"elementor-container elementor-column-gap-wider\">\n\t\t\t\t\t<div class=\"elementor-column elementor-col-50 elementor-top-column elementor-element elementor-element-2b416ee\" data-id=\"2b416ee\" data-element_type=\"column\">\n\t\t\t<div class=\"elementor-widget-wrap elementor-element-populated\">\n\t\t\t\t\t\t<div class=\"elementor-element elementor-element-2fbe62f elementor-widget elementor-widget-heading\" data-id=\"2fbe62f\" data-element_type=\"widget\" data-widget_type=\"heading.default\">\n\t\t\t\t<div class=\"elementor-widget-container\">\n\t\t\t\t\t<h1 class=\"elementor-heading-title elementor-size-default\">trabajos con drones<\/h1>\t\t\t\t<\/div>\n\t\t\t\t<\/div>\n\t\t\t\t<div class=\"elementor-element elementor-element-693a37c elementor-widget elementor-widget-text-editor\" data-id=\"693a37c\" data-element_type=\"widget\" data-widget_type=\"text-editor.default\">\n\t\t\t\t<div class=\"elementor-widget-container\">\n\t\t\t\t\t\t\t\t\t<p>Que el \u00e1rbol no te impida ver el bosque.<\/p><p>Con este servicio quiero acercarte la posibilidad de ampliar tu perspectiva desde el aire, pues la observaci\u00f3n es un elemento clave en el dise\u00f1o permacultural.\u00a0<\/p><p>Tener la posibilidad de realizar vistas a\u00e9reas sobre un territorio y su entorno se ha convertido en una poderosa herramienta para la realizaci\u00f3n de dise\u00f1os a mediana y gran escala.\u00a0<\/p><p>Estas observaciones desde lo alto nos permiten percibir patrones y detalles a los que no podr\u00edamos acceder desde el suelo y que pueden ser determinantes a la hora de definir estrategias para nuestros proyectos.\u00a0<\/p><p>Otras funciones esenciales de las tomas a\u00e9reas son registrar impactantes im\u00e1genes de archivo, im\u00e1genes sobre el antes y el despu\u00e9s de diferentes trabajos realizados en los espacios, o disponer de recursos visuales para dar cobertura y difusi\u00f3n a nuestra actividad profesional.<\/p>\t\t\t\t\t\t\t\t<\/div>\n\t\t\t\t<\/div>\n\t\t\t\t\t<\/div>\n\t\t<\/div>\n\t\t\t\t<div class=\"elementor-column elementor-col-50 elementor-top-column elementor-element elementor-element-bad639c\" data-id=\"bad639c\" data-element_type=\"column\" data-settings=\"{&quot;background_background&quot;:&quot;classic&quot;}\">\n\t\t\t<div class=\"elementor-widget-wrap elementor-element-populated\">\n\t\t\t\t\t\t<div class=\"elementor-element elementor-element-defb58d elementor-widget elementor-widget-image-carousel\" data-id=\"defb58d\" data-element_type=\"widget\" data-settings=\"{&quot;slides_to_show&quot;:&quot;1&quot;,&quot;navigation&quot;:&quot;none&quot;,&quot;lazyload&quot;:&quot;yes&quot;,&quot;effect&quot;:&quot;fade&quot;,&quot;autoplay&quot;:&quot;yes&quot;,&quot;pause_on_hover&quot;:&quot;yes&quot;,&quot;pause_on_interaction&quot;:&quot;yes&quot;,&quot;autoplay_speed&quot;:5000,&quot;infinite&quot;:&quot;yes&quot;,&quot;speed&quot;:500}\" data-widget_type=\"image-carousel.default\">\n\t\t\t\t<div class=\"elementor-widget-container\">\n\t\t\t\t\t\t\t<div class=\"elementor-image-carousel-wrapper swiper\" role=\"region\" aria-roledescription=\"carousel\" aria-label=\"Carrusel de im\u00e1genes\" dir=\"ltr\">\n\t\t\t<div class=\"elementor-image-carousel swiper-wrapper\" aria-live=\"off\">\n\t\t\t\t\t\t\t\t<div class=\"swiper-slide\" role=\"group\" aria-roledescription=\"slide\" aria-label=\"1 de 4\"><figure class=\"swiper-slide-inner\"><img class=\"swiper-slide-image swiper-lazy\" data-src=\"https:\/\/www.grandepermacultura.com\/wp-content\/uploads\/2023\/07\/servicios_permacultura_grande_babarro.jpg\" alt=\"servicios_permacultura_grande_babarro\" \/><div class=\"swiper-lazy-preloader\"><\/div><\/figure><\/div><div class=\"swiper-slide\" role=\"group\" aria-roledescription=\"slide\" aria-label=\"2 de 4\"><figure class=\"swiper-slide-inner\"><img class=\"swiper-slide-image swiper-lazy\" data-src=\"https:\/\/www.grandepermacultura.com\/wp-content\/uploads\/2023\/07\/Drone-en-permacultura.jpg\" alt=\"Drone en permacultura\" \/><div class=\"swiper-lazy-preloader\"><\/div><\/figure><\/div><div class=\"swiper-slide\" role=\"group\" aria-roledescription=\"slide\" aria-label=\"3 de 4\"><figure class=\"swiper-slide-inner\"><img class=\"swiper-slide-image swiper-lazy\" data-src=\"https:\/\/www.grandepermacultura.com\/wp-content\/uploads\/2023\/07\/trabajo_drones_permacultura_grande_babarro.jpg\" alt=\"trabajo_drones_permacultura_grande_babarro\" \/><div class=\"swiper-lazy-preloader\"><\/div><\/figure><\/div><div class=\"swiper-slide\" role=\"group\" aria-roledescription=\"slide\" aria-label=\"4 de 4\"><figure class=\"swiper-slide-inner\"><img class=\"swiper-slide-image swiper-lazy\" data-src=\"https:\/\/www.grandepermacultura.com\/wp-content\/uploads\/2023\/07\/vista-bosque-desde-drone.jpg\" alt=\"vista bosque desde drone\" \/><div class=\"swiper-lazy-preloader\"><\/div><\/figure><\/div>\t\t\t<\/div>\n\t\t\t\t\t\t\t\n\t\t\t\t\t\t\t\t\t<\/div>\n\t\t\t\t\t\t<\/div>\n\t\t\t\t<\/div>\n\t\t\t\t\t<\/div>\n\t\t<\/div>\n\t\t\t\t\t<\/div>\n\t\t<\/section>\n\t\t\t\t<section class=\"elementor-section elementor-top-section elementor-element elementor-element-8458259 elementor-section-boxed elementor-section-height-default elementor-section-height-default\" data-id=\"8458259\" data-element_type=\"section\">\n\t\t\t\t\t\t<div class=\"elementor-container elementor-column-gap-default\">\n\t\t\t\t\t<div class=\"elementor-column elementor-col-100 elementor-top-column elementor-element elementor-element-844b26b\" data-id=\"844b26b\" data-element_type=\"column\">\n\t\t\t<div class=\"elementor-widget-wrap elementor-element-populated\">\n\t\t\t\t\t\t<div class=\"elementor-element elementor-element-556f2fa elementor-widget elementor-widget-text-editor\" data-id=\"556f2fa\" data-element_type=\"widget\" data-widget_type=\"text-editor.default\">\n\t\t\t\t<div class=\"elementor-widget-container\">\n\t\t\t\t\t\t\t\t\tGracias a un equipo de profesionales, tambi\u00e9n ofrezco proyectos integrales de producci\u00f3n audiovisual para documentales y otras creaciones con fines divulgativos o publicitarios para proyectos sustentables.\n\t\t\t\t\t\t\t\t<\/div>\n\t\t\t\t<\/div>\n\t\t\t\t\t<\/div>\n\t\t<\/div>\n\t\t\t\t\t<\/div>\n\t\t<\/section>\n\t\t\t\t<section class=\"elementor-section elementor-top-section elementor-element elementor-element-ec1f28a elementor-section-boxed elementor-section-height-default elementor-section-height-default\" data-id=\"ec1f28a\" data-element_type=\"section\">\n\t\t\t\t\t\t<div class=\"elementor-container elementor-column-gap-wider\">\n\t\t\t\t\t<div class=\"elementor-column elementor-col-33 elementor-top-column elementor-element elementor-element-cf2b5c0\" data-id=\"cf2b5c0\" data-element_type=\"column\">\n\t\t\t<div class=\"elementor-widget-wrap elementor-element-populated\">\n\t\t\t\t\t\t<div class=\"elementor-element elementor-element-51d27d6 img_transp elementor-invisible elementor-widget elementor-widget-image\" data-id=\"51d27d6\" data-element_type=\"widget\" data-settings=\"{&quot;_animation&quot;:&quot;fadeInLeft&quot;,&quot;_animation_mobile&quot;:&quot;none&quot;}\" data-widget_type=\"image.default\">\n\t\t\t\t<div class=\"elementor-widget-container\">\n\t\t\t\t\t\t\t\t\t\t\t\t\t\t\t<img fetchpriority=\"high\" decoding=\"async\" width=\"800\" height=\"833\" src=\"https:\/\/www.grandepermacultura.com\/wp-content\/uploads\/2023\/07\/vuelos_de_reconocimiento.jpg\" class=\"attachment-large size-large wp-image-1009\" alt=\"\" srcset=\"https:\/\/www.grandepermacultura.com\/wp-content\/uploads\/2023\/07\/vuelos_de_reconocimiento.jpg 882w, https:\/\/www.grandepermacultura.com\/wp-content\/uploads\/2023\/07\/vuelos_de_reconocimiento-288x300.jpg 288w, https:\/\/www.grandepermacultura.com\/wp-content\/uploads\/2023\/07\/vuelos_de_reconocimiento-768x799.jpg 768w\" sizes=\"(max-width: 800px) 100vw, 800px\" \/>\t\t\t\t\t\t\t\t\t\t\t\t\t\t\t<\/div>\n\t\t\t\t<\/div>\n\t\t\t\t<section class=\"elementor-section elementor-inner-section elementor-element elementor-element-78a652e elementor-section-boxed elementor-section-height-default elementor-section-height-default\" data-id=\"78a652e\" data-element_type=\"section\">\n\t\t\t\t\t\t<div class=\"elementor-container elementor-column-gap-default\">\n\t\t\t\t\t<div class=\"elementor-column elementor-col-100 elementor-inner-column elementor-element elementor-element-695ec95\" data-id=\"695ec95\" data-element_type=\"column\">\n\t\t\t<div class=\"elementor-widget-wrap elementor-element-populated\">\n\t\t\t\t\t\t<div class=\"elementor-element elementor-element-707b3f3 elementor-widget elementor-widget-heading\" data-id=\"707b3f3\" data-element_type=\"widget\" data-widget_type=\"heading.default\">\n\t\t\t\t<div class=\"elementor-widget-container\">\n\t\t\t\t\t<h2 class=\"elementor-heading-title elementor-size-default\">vuelos de reconocimiento<\/h2>\t\t\t\t<\/div>\n\t\t\t\t<\/div>\n\t\t\t\t<div class=\"elementor-element elementor-element-5c5d83a elementor-widget elementor-widget-text-editor\" data-id=\"5c5d83a\" data-element_type=\"widget\" data-widget_type=\"text-editor.default\">\n\t\t\t\t<div class=\"elementor-widget-container\">\n\t\t\t\t\t\t\t\t\t<p>Vuelos de reconocimiento en \u00e1reas a peque\u00f1a y gran escala, con captura y procesamiento de im\u00e1genes para an\u00e1lisis y evaluaci\u00f3n de datos.\u00a0<\/p><p>Estos vuelos y las im\u00e1genes obtenidas te permitir\u00e1n observar y conocer cualquier lugar desde una perspectiva totalmente diferente, con la posibilidad de realizar vuelos a zonas de dif\u00edcil acceso, planos generales y planos detalle.<\/p>\t\t\t\t\t\t\t\t<\/div>\n\t\t\t\t<\/div>\n\t\t\t\t\t<\/div>\n\t\t<\/div>\n\t\t\t\t\t<\/div>\n\t\t<\/section>\n\t\t\t\t\t<\/div>\n\t\t<\/div>\n\t\t\t\t<div class=\"elementor-column elementor-col-33 elementor-top-column elementor-element elementor-element-2a8819f\" data-id=\"2a8819f\" data-element_type=\"column\">\n\t\t\t<div class=\"elementor-widget-wrap elementor-element-populated\">\n\t\t\t\t\t\t<div class=\"elementor-element elementor-element-27382f5 img_transp elementor-invisible elementor-widget elementor-widget-image\" data-id=\"27382f5\" data-element_type=\"widget\" data-settings=\"{&quot;_animation&quot;:&quot;fadeIn&quot;,&quot;_animation_mobile&quot;:&quot;none&quot;,&quot;_animation_delay&quot;:100}\" data-widget_type=\"image.default\">\n\t\t\t\t<div class=\"elementor-widget-container\">\n\t\t\t\t\t\t\t\t\t\t\t\t\t\t\t<img decoding=\"async\" width=\"800\" height=\"833\" src=\"https:\/\/www.grandepermacultura.com\/wp-content\/uploads\/2023\/07\/imagenes_de_archivo.jpg\" class=\"attachment-large size-large wp-image-1008\" alt=\"\" srcset=\"https:\/\/www.grandepermacultura.com\/wp-content\/uploads\/2023\/07\/imagenes_de_archivo.jpg 882w, https:\/\/www.grandepermacultura.com\/wp-content\/uploads\/2023\/07\/imagenes_de_archivo-288x300.jpg 288w, https:\/\/www.grandepermacultura.com\/wp-content\/uploads\/2023\/07\/imagenes_de_archivo-768x799.jpg 768w\" sizes=\"(max-width: 800px) 100vw, 800px\" \/>\t\t\t\t\t\t\t\t\t\t\t\t\t\t\t<\/div>\n\t\t\t\t<\/div>\n\t\t\t\t<section class=\"elementor-section elementor-inner-section elementor-element elementor-element-90d66b5 elementor-section-boxed elementor-section-height-default elementor-section-height-default\" data-id=\"90d66b5\" data-element_type=\"section\">\n\t\t\t\t\t\t<div class=\"elementor-container elementor-column-gap-default\">\n\t\t\t\t\t<div class=\"elementor-column elementor-col-100 elementor-inner-column elementor-element elementor-element-2179d44\" data-id=\"2179d44\" data-element_type=\"column\">\n\t\t\t<div class=\"elementor-widget-wrap elementor-element-populated\">\n\t\t\t\t\t\t<div class=\"elementor-element elementor-element-218cdc6 elementor-widget elementor-widget-heading\" data-id=\"218cdc6\" data-element_type=\"widget\" data-widget_type=\"heading.default\">\n\t\t\t\t<div class=\"elementor-widget-container\">\n\t\t\t\t\t<h2 class=\"elementor-heading-title elementor-size-large\">im\u00e1genes de archivo<\/h2>\t\t\t\t<\/div>\n\t\t\t\t<\/div>\n\t\t\t\t<div class=\"elementor-element elementor-element-5f74dc9 elementor-widget elementor-widget-text-editor\" data-id=\"5f74dc9\" data-element_type=\"widget\" data-widget_type=\"text-editor.default\">\n\t\t\t\t<div class=\"elementor-widget-container\">\n\t\t\t\t\t\t\t\t\t<p>Realizo vuelos enfocados en la captura de im\u00e1genes para archivo sobre cualquier tipo de territorio, proyecto, actividad o evento que necesites grabar.\u00a0<\/p><p>Captura en alta resoluci\u00f3n y postproducci\u00f3n de v\u00eddeos y fotos en modo cinem\u00e1tico y vuelo FPV para cubrir las necesidades de difusi\u00f3n y promoci\u00f3n de tus proyectos personales y profesionales.<\/p>\t\t\t\t\t\t\t\t<\/div>\n\t\t\t\t<\/div>\n\t\t\t\t\t<\/div>\n\t\t<\/div>\n\t\t\t\t\t<\/div>\n\t\t<\/section>\n\t\t\t\t\t<\/div>\n\t\t<\/div>\n\t\t\t\t<div class=\"elementor-column elementor-col-33 elementor-top-column elementor-element elementor-element-29ec10e\" data-id=\"29ec10e\" data-element_type=\"column\">\n\t\t\t<div class=\"elementor-widget-wrap elementor-element-populated\">\n\t\t\t\t\t\t<div class=\"elementor-element elementor-element-a7e721c img_transp elementor-invisible elementor-widget elementor-widget-image\" data-id=\"a7e721c\" data-element_type=\"widget\" data-settings=\"{&quot;_animation&quot;:&quot;fadeInRight&quot;,&quot;_animation_mobile&quot;:&quot;none&quot;}\" data-widget_type=\"image.default\">\n\t\t\t\t<div class=\"elementor-widget-container\">\n\t\t\t\t\t\t\t\t\t\t\t\t\t\t\t<img decoding=\"async\" width=\"800\" height=\"833\" src=\"https:\/\/www.grandepermacultura.com\/wp-content\/uploads\/2023\/07\/creacion_audiovisual.jpg\" class=\"attachment-large size-large wp-image-1007\" alt=\"\" srcset=\"https:\/\/www.grandepermacultura.com\/wp-content\/uploads\/2023\/07\/creacion_audiovisual.jpg 882w, https:\/\/www.grandepermacultura.com\/wp-content\/uploads\/2023\/07\/creacion_audiovisual-288x300.jpg 288w, https:\/\/www.grandepermacultura.com\/wp-content\/uploads\/2023\/07\/creacion_audiovisual-768x799.jpg 768w\" sizes=\"(max-width: 800px) 100vw, 800px\" \/>\t\t\t\t\t\t\t\t\t\t\t\t\t\t\t<\/div>\n\t\t\t\t<\/div>\n\t\t\t\t<section class=\"elementor-section elementor-inner-section elementor-element elementor-element-51dd0f5 elementor-section-boxed elementor-section-height-default elementor-section-height-default\" data-id=\"51dd0f5\" data-element_type=\"section\">\n\t\t\t\t\t\t<div class=\"elementor-container elementor-column-gap-default\">\n\t\t\t\t\t<div class=\"elementor-column elementor-col-100 elementor-inner-column elementor-element elementor-element-cbd00ff\" data-id=\"cbd00ff\" data-element_type=\"column\">\n\t\t\t<div class=\"elementor-widget-wrap elementor-element-populated\">\n\t\t\t\t\t\t<div class=\"elementor-element elementor-element-32e1f34 elementor-widget elementor-widget-heading\" data-id=\"32e1f34\" data-element_type=\"widget\" data-widget_type=\"heading.default\">\n\t\t\t\t<div class=\"elementor-widget-container\">\n\t\t\t\t\t<h2 class=\"elementor-heading-title elementor-size-large\">creaci\u00f3n audiovisual<\/h2>\t\t\t\t<\/div>\n\t\t\t\t<\/div>\n\t\t\t\t<div class=\"elementor-element elementor-element-3778e4c elementor-widget elementor-widget-text-editor\" data-id=\"3778e4c\" data-element_type=\"widget\" data-widget_type=\"text-editor.default\">\n\t\t\t\t<div class=\"elementor-widget-container\">\n\t\t\t\t\t\t\t\t\t<p>Planificaci\u00f3n, direcci\u00f3n y creaci\u00f3n de producciones audiovisuales de car\u00e1cter documental o publicitario para proyectos p\u00fablicos y privados, empresas y asociaciones enfocadas en el campo de la sustentabilidad.<\/p><p>Grabaci\u00f3n con equipos profesionales, iluminaci\u00f3n, sonido, postproducci\u00f3n y edici\u00f3n para la creaci\u00f3n de v\u00eddeos desde la idea hasta la publicaci\u00f3n.<\/p>\t\t\t\t\t\t\t\t<\/div>\n\t\t\t\t<\/div>\n\t\t\t\t\t<\/div>\n\t\t<\/div>\n\t\t\t\t\t<\/div>\n\t\t<\/section>\n\t\t\t\t\t<\/div>\n\t\t<\/div>\n\t\t\t\t\t<\/div>\n\t\t<\/section>\n\t\t\t\t<section class=\"elementor-section elementor-top-section elementor-element elementor-element-3397726 elementor-section-boxed elementor-section-height-default elementor-section-height-default\" data-id=\"3397726\" data-element_type=\"section\">\n\t\t\t\t\t\t<div class=\"elementor-container elementor-column-gap-default\">\n\t\t\t\t\t<div class=\"elementor-column elementor-col-100 elementor-top-column elementor-element elementor-element-e73570e\" data-id=\"e73570e\" data-element_type=\"column\">\n\t\t\t<div class=\"elementor-widget-wrap elementor-element-populated\">\n\t\t\t\t\t\t<div class=\"elementor-element elementor-element-cc2f148 elementor-view-default elementor-widget elementor-widget-icon\" data-id=\"cc2f148\" data-element_type=\"widget\" data-widget_type=\"icon.default\">\n\t\t\t\t<div class=\"elementor-widget-container\">\n\t\t\t\t\t\t\t<div class=\"elementor-icon-wrapper\">\n\t\t\t<a class=\"elementor-icon\" href=\"#\">\n\t\t\t<svg xmlns=\"http:\/\/www.w3.org\/2000\/svg\" viewBox=\"0 0 146.36 58.14\"><title>Drones<\/title><g id=\"Capa_2\" data-name=\"Capa 2\"><g id=\"Capa_1-2\" data-name=\"Capa 1\"><path d=\"M59.16,32.72a15.5,15.5,0,0,1-1.33-3.22,52.25,52.25,0,0,1-.55-6c-.08-1.39,0-1.4-1.37-1.4-9.89,0-19.78-.05-29.67,0A5,5,0,0,1,21,16.89c.08-1.55,0-3.11,0-4.67a4.61,4.61,0,0,1,2.7-4.37,1.83,1.83,0,0,0,.71-2.26,1,1,0,0,0-.65-.3,12.71,12.71,0,0,0-1.38,0H1.57c-1,0-1.56-.4-1.57-1.2S.53,2.8,1.59,2.8H23c1.45,0,1.51.18,1.5-1.42A1.24,1.24,0,0,1,25.69,0,1.3,1.3,0,0,1,27,1.36a2.06,2.06,0,0,1,0,.43c-.12.82.26,1,1,1,7.15,0,14.3,0,21.45,0h.61c.88,0,1.45.54,1.44,1.28S51,5.2,50.07,5.26c-.35,0-.7,0-1,0H28.19c-.44,0-1-.25-1.21.48a1.56,1.56,0,0,0,.69,2,4.92,4.92,0,0,1,3,4.84c0,1.88-.13,1.72,1.73,1.72H55.73c1.51,0,1.54,0,1.53-1.49s.5-3,2.12-3.6A4.08,4.08,0,0,1,60.81,9q12.47,0,24.91,0c2.33,0,3.57,1.29,3.57,3.61,0,1.89-.17,1.71,1.73,1.71h23.44c1.24,0,1.28,0,1.24-1.25A5.18,5.18,0,0,1,119,7.58c.82-.35.36-1.23.36-1.86,0-.15-.61-.43-.94-.43q-10.59,0-21.19,0a11.14,11.14,0,0,1-1.29-.06,1,1,0,0,1-1-1.09,2.3,2.3,0,0,1,.86-1.21c.22-.18.67-.11,1-.11h21.36c1.22,0,1.19,0,1.27-1.21a2.19,2.19,0,0,1,.44-1.24,1.15,1.15,0,0,1,1.94.63,2.27,2.27,0,0,1,0,.78c-.1.86.31,1.06,1.11,1.06,7.21,0,14.41,0,21.62,0a4,4,0,0,1,.69,0c.66.14,1.12.49,1.11,1.22a1.11,1.11,0,0,1-1.11,1.2,14.16,14.16,0,0,1-1.46,0H123.2c-.49,0-1.17-.26-1.34.54-.25,1.09,0,1.63.76,2a4.6,4.6,0,0,1,2.7,4.37c0,1.67,0,3.34,0,5a4.69,4.69,0,0,1-4.94,4.85H90.53c-1.23,0-1.19,0-1.25,1.26a54.64,54.64,0,0,1-.37,5.58,8.6,8.6,0,0,1-1.13,2.87c-.42.74-.22,1,.46,1.26,1.18.45,2.35,1,3.51,1.44a3.57,3.57,0,0,1,2.39,3.64c0,.92,0,1.85,0,2.77s-.46,1.28-1.19,1.29A1.17,1.17,0,0,1,91.71,41c0-.9,0-1.79,0-2.69a1.37,1.37,0,0,0-.87-1.44c-1.59-.67-3.18-1.35-4.79-2a1.18,1.18,0,0,0-.93.16A12.29,12.29,0,0,1,77,37.56c-2.68-.06-5.36,0-8,0a11.85,11.85,0,0,1-7.33-2.44A1.51,1.51,0,0,0,60.36,35c-1.48.54-2.94,1.17-4.4,1.78a1.44,1.44,0,0,0-1,1.47c0,.87,0,1.73,0,2.6s-.52,1.43-1.28,1.41-1.14-.48-1.16-1.41,0-1.84,0-2.77a3.53,3.53,0,0,1,2.26-3.46c1.13-.51,2.28-1,3.43-1.43C58.53,33,58.83,32.87,59.16,32.72ZM73.3,11.39h-12c-1.37,0-1.54.18-1.54,1.55,0,4.3,0,8.59,0,12.88a8.86,8.86,0,0,0,9.18,9.24c2.93,0,5.87,0,8.81,0a8.92,8.92,0,0,0,9.12-9.14c0-4.33,0-8.65,0-13,0-1.37-.19-1.56-1.54-1.56ZM41,19.67H55.36c1.91,0,1.71.19,1.73-1.71,0-1.18,0-1.2-1.21-1.2H43.34c-4.73,0-9.45,0-14.18,0-.75,0-1-.24-1-1,.05-1.18,0-2.37,0-3.55a2.33,2.33,0,1,0-4.66.07c0,1.47,0,2.94,0,4.41,0,2.09.85,3,2.92,3Zm64.44,0h14.69A2.43,2.43,0,0,0,122.87,17c0-1.55,0-3.11,0-4.67a2.35,2.35,0,1,0-4.68,0c0,1.07,0,2.13,0,3.2,0,1.23,0,1.23-1.26,1.23q-12.75,0-25.49,0c-2,0-1.81-.26-1.86,1.85,0,.84.27,1.08,1.09,1.08C95.59,19.66,100.52,19.67,105.45,19.67Z\"><\/path><path d=\"M74.34,58.14c-5.89,0-10.1-1.58-13.74-4.66-.3-.26-.6-.53-.88-.82-.64-.68-.68-1.37-.13-1.9s1.19-.41,1.86.12a27.86,27.86,0,0,0,3.15,2.4,16.65,16.65,0,0,0,20.07-2.15c.13-.12.25-.25.38-.35a1.21,1.21,0,0,1,1.72,0,1.1,1.1,0,0,1,0,1.75,33.65,33.65,0,0,1-4.49,3.33A16.63,16.63,0,0,1,74.34,58.14Z\"><\/path><path d=\"M73.73,51.9a13.25,13.25,0,0,1-9.47-3.5,1.42,1.42,0,0,1-.53-1.68c.32-.83,1.32-.95,2.08-.25a10.85,10.85,0,0,0,4,2.4,10.32,10.32,0,0,0,10.42-2.09c1.07-.9,1.72-1,2.29-.34s.3,1.41-.71,2.27A12.39,12.39,0,0,1,73.73,51.9Z\"><\/path><path d=\"M73.14,46a6.94,6.94,0,0,1-4.66-1.75c-.75-.65-.9-1.38-.42-2s1.18-.59,2,0a4.6,4.6,0,0,0,6.29,0c.78-.61,1.49-.62,2,0s.32,1.3-.41,2A7.06,7.06,0,0,1,73.14,46Z\"><\/path><path d=\"M79.58,23a6.29,6.29,0,1,1-6.26-6.36A6.27,6.27,0,0,1,79.58,23Zm-10.11-.06a3.82,3.82,0,0,0,3.84,3.84A3.87,3.87,0,0,0,77.14,23a4,4,0,0,0-3.82-3.92A3.9,3.9,0,0,0,69.47,22.91Z\"><\/path><\/g><\/g><\/svg>\t\t\t<\/a>\n\t\t<\/div>\n\t\t\t\t\t\t<\/div>\n\t\t\t\t<\/div>\n\t\t\t\t<div class=\"elementor-element elementor-element-a1cd7bc elementor-widget elementor-widget-text-editor\" data-id=\"a1cd7bc\" data-element_type=\"widget\" data-widget_type=\"text-editor.default\">\n\t\t\t\t<div class=\"elementor-widget-container\">\n\t\t\t\t\t\t\t\t\t<p>Pincha <a href=\"#\">aqu\u00ed<\/a> si quieres descargar las tarifas actualizadas para trabajos con drones<br>O ponte en contacto conmigo si necesitas un proyecto audiovisual personalizado<\/p>\t\t\t\t\t\t\t\t<\/div>\n\t\t\t\t<\/div>\n\t\t\t\t\t<\/div>\n\t\t<\/div>\n\t\t\t\t\t<\/div>\n\t\t<\/section>\n\t\t\t\t<\/div>\n\t\t","protected":false},"excerpt":{"rendered":"<p>trabajos con drones Que el \u00e1rbol no te impida ver el bosque. Con este servicio quiero acercarte la posibilidad de ampliar tu perspectiva desde el aire, pues la observaci\u00f3n es un elemento clave en el dise\u00f1o permacultural.\u00a0 Tener la posibilidad de realizar vistas a\u00e9reas sobre un territorio y su entorno se ha convertido en una [&hellip;]<\/p>\n","protected":false},"author":1,"featured_media":0,"parent":0,"menu_order":0,"comment_status":"closed","ping_status":"closed","template":"elementor_header_footer","meta":{"footnotes":""},"class_list":["post-1001","page","type-page","status-publish","hentry"],"_links":{"self":[{"href":"https:\/\/www.grandepermacultura.com\/es\/wp-json\/wp\/v2\/pages\/1001","targetHints":{"allow":["GET"]}}],"collection":[{"href":"https:\/\/www.grandepermacultura.com\/es\/wp-json\/wp\/v2\/pages"}],"about":[{"href":"https:\/\/www.grandepermacultura.com\/es\/wp-json\/wp\/v2\/types\/page"}],"author":[{"embeddable":true,"href":"https:\/\/www.grandepermacultura.com\/es\/wp-json\/wp\/v2\/users\/1"}],"replies":[{"embeddable":true,"href":"https:\/\/www.grandepermacultura.com\/es\/wp-json\/wp\/v2\/comments?post=1001"}],"version-history":[{"count":31,"href":"https:\/\/www.grandepermacultura.com\/es\/wp-json\/wp\/v2\/pages\/1001\/revisions"}],"predecessor-version":[{"id":2157,"href":"https:\/\/www.grandepermacultura.com\/es\/wp-json\/wp\/v2\/pages\/1001\/revisions\/2157"}],"wp:attachment":[{"href":"https:\/\/www.grandepermacultura.com\/es\/wp-json\/wp\/v2\/media?parent=1001"}],"curies":[{"name":"wp","href":"https:\/\/api.w.org\/{rel}","templated":true}]}}