{"id":1018,"date":"2023-07-14T10:44:41","date_gmt":"2023-07-14T10:44:41","guid":{"rendered":"https:\/\/www.grandepermacultura.com\/?page_id=1018"},"modified":"2023-09-20T20:24:54","modified_gmt":"2023-09-20T20:24:54","slug":"gestion","status":"publish","type":"page","link":"https:\/\/www.grandepermacultura.com\/es\/gestion\/","title":{"rendered":"Servicios de Gesti\u00f3n"},"content":{"rendered":"\t\t<div data-elementor-type=\"wp-page\" data-elementor-id=\"1018\" class=\"elementor elementor-1018\" data-elementor-post-type=\"page\">\n\t\t\t\t\t\t<section class=\"elementor-section elementor-top-section elementor-element elementor-element-30115c6 elementor-reverse-mobile elementor-section-boxed elementor-section-height-default elementor-section-height-default\" data-id=\"30115c6\" data-element_type=\"section\" data-settings=\"{&quot;background_background&quot;:&quot;classic&quot;}\">\n\t\t\t\t\t\t\t<div class=\"elementor-background-overlay\"><\/div>\n\t\t\t\t\t\t\t<div class=\"elementor-container elementor-column-gap-wider\">\n\t\t\t\t\t<div class=\"elementor-column elementor-col-50 elementor-top-column elementor-element elementor-element-2b416ee\" data-id=\"2b416ee\" data-element_type=\"column\">\n\t\t\t<div class=\"elementor-widget-wrap elementor-element-populated\">\n\t\t\t\t\t\t<div class=\"elementor-element elementor-element-2fbe62f elementor-widget elementor-widget-heading\" data-id=\"2fbe62f\" data-element_type=\"widget\" data-widget_type=\"heading.default\">\n\t\t\t\t<div class=\"elementor-widget-container\">\n\t\t\t\t\t<h1 class=\"elementor-heading-title elementor-size-default\">gesti\u00f3n<\/h1>\t\t\t\t<\/div>\n\t\t\t\t<\/div>\n\t\t\t\t<div class=\"elementor-element elementor-element-693a37c elementor-widget elementor-widget-text-editor\" data-id=\"693a37c\" data-element_type=\"widget\" data-widget_type=\"text-editor.default\">\n\t\t\t\t<div class=\"elementor-widget-container\">\n\t\t\t\t\t\t\t\t\t<p>Ayuda profesional para organizaci\u00f3n y gesti\u00f3n de proyectos regenerativos, procesos educativos y eventos transformativos.<\/p><p>A\u00f1os de experiencia como coordinador en diferentes instituciones y proyectos de permacultura a nivel nacional e internacional me permiten ofrecer servicios de dise\u00f1o de contenido y organizaci\u00f3n de programas educativos, creaci\u00f3n de redes, log\u00edstica y difusi\u00f3n para formaciones y eventos as\u00ed como gerencia de campo para proyectos de ecolog\u00eda y permacultura p\u00fablicos o privados.\u00a0<\/p><p>Conocer y manejar las redes de profesionales y otros recursos humanos as\u00ed como las necesidades materiales y log\u00edsticas para cada iniciativa, es clave a la hora de llevar a cabo tus propuestas de la forma m\u00e1s exitosa y sostenible.\u00a0<\/p><p>Te proporcionar\u00e9 una nueva visi\u00f3n permacultural que multiplicar\u00e1 los recursos y herramientas a tu disposici\u00f3n para alcanzar los objetivos de tus iniciativas.<\/p>\t\t\t\t\t\t\t\t<\/div>\n\t\t\t\t<\/div>\n\t\t\t\t\t<\/div>\n\t\t<\/div>\n\t\t\t\t<div class=\"elementor-column elementor-col-50 elementor-top-column elementor-element elementor-element-bad639c\" data-id=\"bad639c\" data-element_type=\"column\" data-settings=\"{&quot;background_background&quot;:&quot;classic&quot;}\">\n\t\t\t<div class=\"elementor-widget-wrap elementor-element-populated\">\n\t\t\t\t\t\t<div class=\"elementor-element elementor-element-d700a23 elementor-widget elementor-widget-image\" data-id=\"d700a23\" data-element_type=\"widget\" data-widget_type=\"image.default\">\n\t\t\t\t<div class=\"elementor-widget-container\">\n\t\t\t\t\t\t\t\t\t\t\t\t\t\t\t<img fetchpriority=\"high\" decoding=\"async\" width=\"800\" height=\"616\" src=\"https:\/\/www.grandepermacultura.com\/wp-content\/uploads\/2023\/07\/gestiongestion_permacultura_ecologia-1024x788.jpg\" class=\"attachment-large size-large wp-image-1020\" alt=\"\" srcset=\"https:\/\/www.grandepermacultura.com\/wp-content\/uploads\/2023\/07\/gestiongestion_permacultura_ecologia-1024x788.jpg 1024w, https:\/\/www.grandepermacultura.com\/wp-content\/uploads\/2023\/07\/gestiongestion_permacultura_ecologia-300x231.jpg 300w, https:\/\/www.grandepermacultura.com\/wp-content\/uploads\/2023\/07\/gestiongestion_permacultura_ecologia-768x591.jpg 768w, https:\/\/www.grandepermacultura.com\/wp-content\/uploads\/2023\/07\/gestiongestion_permacultura_ecologia.jpg 1050w\" sizes=\"(max-width: 800px) 100vw, 800px\" \/>\t\t\t\t\t\t\t\t\t\t\t\t\t\t\t<\/div>\n\t\t\t\t<\/div>\n\t\t\t\t\t<\/div>\n\t\t<\/div>\n\t\t\t\t\t<\/div>\n\t\t<\/section>\n\t\t\t\t<section class=\"elementor-section elementor-top-section elementor-element elementor-element-8458259 elementor-section-boxed elementor-section-height-default elementor-section-height-default\" data-id=\"8458259\" data-element_type=\"section\">\n\t\t\t\t\t\t<div class=\"elementor-container elementor-column-gap-default\">\n\t\t\t\t\t<div class=\"elementor-column elementor-col-100 elementor-top-column elementor-element elementor-element-844b26b\" data-id=\"844b26b\" data-element_type=\"column\">\n\t\t\t<div class=\"elementor-widget-wrap elementor-element-populated\">\n\t\t\t\t\t\t<div class=\"elementor-element elementor-element-556f2fa elementor-widget elementor-widget-text-editor\" data-id=\"556f2fa\" data-element_type=\"widget\" data-widget_type=\"text-editor.default\">\n\t\t\t\t<div class=\"elementor-widget-container\">\n\t\t\t\t\t\t\t\t\t<p>Ofrezco a trav\u00e9s de este servicio la ayuda que necesitas para la gesti\u00f3n de tus cliclos formativos, formaciones espec\u00edficas, eventos culturales y otras muchas propuestas que quieras desarrollar desde una perspectiva m\u00e1s ecol\u00f3gica y consciente<\/p>\t\t\t\t\t\t\t\t<\/div>\n\t\t\t\t<\/div>\n\t\t\t\t\t<\/div>\n\t\t<\/div>\n\t\t\t\t\t<\/div>\n\t\t<\/section>\n\t\t\t\t<section class=\"elementor-section elementor-top-section elementor-element elementor-element-ec1f28a elementor-section-boxed elementor-section-height-default elementor-section-height-default\" data-id=\"ec1f28a\" data-element_type=\"section\">\n\t\t\t\t\t\t<div class=\"elementor-container elementor-column-gap-wider\">\n\t\t\t\t\t<div class=\"elementor-column elementor-col-33 elementor-top-column elementor-element elementor-element-cf2b5c0\" data-id=\"cf2b5c0\" data-element_type=\"column\">\n\t\t\t<div class=\"elementor-widget-wrap elementor-element-populated\">\n\t\t\t\t\t\t<div class=\"elementor-element elementor-element-51d27d6 img_transp elementor-widget elementor-widget-image\" data-id=\"51d27d6\" data-element_type=\"widget\" data-widget_type=\"image.default\">\n\t\t\t\t<div class=\"elementor-widget-container\">\n\t\t\t\t\t\t\t\t\t\t\t\t\t\t\t<img decoding=\"async\" width=\"800\" height=\"833\" src=\"https:\/\/www.grandepermacultura.com\/wp-content\/uploads\/2023\/07\/programas_educativos.jpg\" class=\"attachment-large size-large wp-image-1030\" alt=\"\" srcset=\"https:\/\/www.grandepermacultura.com\/wp-content\/uploads\/2023\/07\/programas_educativos.jpg 882w, https:\/\/www.grandepermacultura.com\/wp-content\/uploads\/2023\/07\/programas_educativos-288x300.jpg 288w, https:\/\/www.grandepermacultura.com\/wp-content\/uploads\/2023\/07\/programas_educativos-768x799.jpg 768w\" sizes=\"(max-width: 800px) 100vw, 800px\" \/>\t\t\t\t\t\t\t\t\t\t\t\t\t\t\t<\/div>\n\t\t\t\t<\/div>\n\t\t\t\t<section class=\"elementor-section elementor-inner-section elementor-element elementor-element-78a652e elementor-section-boxed elementor-section-height-default elementor-section-height-default\" data-id=\"78a652e\" data-element_type=\"section\">\n\t\t\t\t\t\t<div class=\"elementor-container elementor-column-gap-default\">\n\t\t\t\t\t<div class=\"elementor-column elementor-col-100 elementor-inner-column elementor-element elementor-element-695ec95\" data-id=\"695ec95\" data-element_type=\"column\">\n\t\t\t<div class=\"elementor-widget-wrap elementor-element-populated\">\n\t\t\t\t\t\t<div class=\"elementor-element elementor-element-6c1bcee elementor-widget elementor-widget-heading\" data-id=\"6c1bcee\" data-element_type=\"widget\" data-widget_type=\"heading.default\">\n\t\t\t\t<div class=\"elementor-widget-container\">\n\t\t\t\t\t<h2 class=\"elementor-heading-title elementor-size-default\">programas educativos<\/h2>\t\t\t\t<\/div>\n\t\t\t\t<\/div>\n\t\t\t\t<div class=\"elementor-element elementor-element-5c5d83a elementor-widget elementor-widget-text-editor\" data-id=\"5c5d83a\" data-element_type=\"widget\" data-widget_type=\"text-editor.default\">\n\t\t\t\t<div class=\"elementor-widget-container\">\n\t\t\t\t\t\t\t\t\t<p>Trabajos de dise\u00f1o, planificaci\u00f3n, contrataci\u00f3n y gesti\u00f3n de programas educativos enfocados en diferentes \u00e1mbitos de la ecolog\u00eda, la permacultura y el \u00e1mbito ecosocial.<\/p><p>Gesti\u00f3n de actividades relacionadas con el aprendizaje y la educaci\u00f3n adaptadas a diferentes necesidades que puedan tener administraciones p\u00fablicas, centros educativos, entes privados, grupos y asociaciones.<\/p>\t\t\t\t\t\t\t\t<\/div>\n\t\t\t\t<\/div>\n\t\t\t\t\t<\/div>\n\t\t<\/div>\n\t\t\t\t\t<\/div>\n\t\t<\/section>\n\t\t\t\t\t<\/div>\n\t\t<\/div>\n\t\t\t\t<div class=\"elementor-column elementor-col-33 elementor-top-column elementor-element elementor-element-2a8819f\" data-id=\"2a8819f\" data-element_type=\"column\">\n\t\t\t<div class=\"elementor-widget-wrap elementor-element-populated\">\n\t\t\t\t\t\t<div class=\"elementor-element elementor-element-27382f5 img_transp elementor-widget elementor-widget-image\" data-id=\"27382f5\" data-element_type=\"widget\" data-widget_type=\"image.default\">\n\t\t\t\t<div class=\"elementor-widget-container\">\n\t\t\t\t\t\t\t\t\t\t\t\t\t\t\t<img decoding=\"async\" width=\"800\" height=\"833\" src=\"https:\/\/www.grandepermacultura.com\/wp-content\/uploads\/2023\/07\/proyectos-publicos.jpg\" class=\"attachment-large size-large wp-image-1031\" alt=\"\" srcset=\"https:\/\/www.grandepermacultura.com\/wp-content\/uploads\/2023\/07\/proyectos-publicos.jpg 882w, https:\/\/www.grandepermacultura.com\/wp-content\/uploads\/2023\/07\/proyectos-publicos-288x300.jpg 288w, https:\/\/www.grandepermacultura.com\/wp-content\/uploads\/2023\/07\/proyectos-publicos-768x799.jpg 768w\" sizes=\"(max-width: 800px) 100vw, 800px\" \/>\t\t\t\t\t\t\t\t\t\t\t\t\t\t\t<\/div>\n\t\t\t\t<\/div>\n\t\t\t\t<section class=\"elementor-section elementor-inner-section elementor-element elementor-element-90d66b5 elementor-section-boxed elementor-section-height-default elementor-section-height-default\" data-id=\"90d66b5\" data-element_type=\"section\">\n\t\t\t\t\t\t<div class=\"elementor-container elementor-column-gap-default\">\n\t\t\t\t\t<div class=\"elementor-column elementor-col-100 elementor-inner-column elementor-element elementor-element-2179d44\" data-id=\"2179d44\" data-element_type=\"column\">\n\t\t\t<div class=\"elementor-widget-wrap elementor-element-populated\">\n\t\t\t\t\t\t<div class=\"elementor-element elementor-element-0c1b013 elementor-widget elementor-widget-heading\" data-id=\"0c1b013\" data-element_type=\"widget\" data-widget_type=\"heading.default\">\n\t\t\t\t<div class=\"elementor-widget-container\">\n\t\t\t\t\t<h2 class=\"elementor-heading-title elementor-size-large\">proyectos p\u00fablicos<\/h2>\t\t\t\t<\/div>\n\t\t\t\t<\/div>\n\t\t\t\t<div class=\"elementor-element elementor-element-5f74dc9 elementor-widget elementor-widget-text-editor\" data-id=\"5f74dc9\" data-element_type=\"widget\" data-widget_type=\"text-editor.default\">\n\t\t\t\t<div class=\"elementor-widget-container\">\n\t\t\t\t\t\t\t\t\t<p>Planificaci\u00f3n y coordinaci\u00f3n de actividades, campa\u00f1as y otras iniciativas impulsadas por organismos p\u00fablicos e instituciones que quiera promover la ecolog\u00eda y la permacultura en el \u00e1mbito publico.<\/p><p>Gesti\u00f3n, mantenimiento y coordinaci\u00f3n de espacios y centros demostrativos p\u00fablicos enfocados en la permacultura y el campo de la sustentabilidad..<\/p>\t\t\t\t\t\t\t\t<\/div>\n\t\t\t\t<\/div>\n\t\t\t\t\t<\/div>\n\t\t<\/div>\n\t\t\t\t\t<\/div>\n\t\t<\/section>\n\t\t\t\t\t<\/div>\n\t\t<\/div>\n\t\t\t\t<div class=\"elementor-column elementor-col-33 elementor-top-column elementor-element elementor-element-29ec10e\" data-id=\"29ec10e\" data-element_type=\"column\">\n\t\t\t<div class=\"elementor-widget-wrap elementor-element-populated\">\n\t\t\t\t\t\t<div class=\"elementor-element elementor-element-a7e721c img_transp elementor-widget elementor-widget-image\" data-id=\"a7e721c\" data-element_type=\"widget\" data-widget_type=\"image.default\">\n\t\t\t\t<div class=\"elementor-widget-container\">\n\t\t\t\t\t\t\t\t\t\t\t\t\t\t\t<img loading=\"lazy\" decoding=\"async\" width=\"800\" height=\"833\" src=\"https:\/\/www.grandepermacultura.com\/wp-content\/uploads\/2023\/07\/eventos_transformativos.jpg\" class=\"attachment-large size-large wp-image-1029\" alt=\"\" srcset=\"https:\/\/www.grandepermacultura.com\/wp-content\/uploads\/2023\/07\/eventos_transformativos.jpg 882w, https:\/\/www.grandepermacultura.com\/wp-content\/uploads\/2023\/07\/eventos_transformativos-288x300.jpg 288w, https:\/\/www.grandepermacultura.com\/wp-content\/uploads\/2023\/07\/eventos_transformativos-768x799.jpg 768w\" sizes=\"(max-width: 800px) 100vw, 800px\" \/>\t\t\t\t\t\t\t\t\t\t\t\t\t\t\t<\/div>\n\t\t\t\t<\/div>\n\t\t\t\t<section class=\"elementor-section elementor-inner-section elementor-element elementor-element-51dd0f5 elementor-section-boxed elementor-section-height-default elementor-section-height-default\" data-id=\"51dd0f5\" data-element_type=\"section\">\n\t\t\t\t\t\t<div class=\"elementor-container elementor-column-gap-default\">\n\t\t\t\t\t<div class=\"elementor-column elementor-col-100 elementor-inner-column elementor-element elementor-element-cbd00ff\" data-id=\"cbd00ff\" data-element_type=\"column\">\n\t\t\t<div class=\"elementor-widget-wrap elementor-element-populated\">\n\t\t\t\t\t\t<div class=\"elementor-element elementor-element-88a98d3 elementor-widget elementor-widget-heading\" data-id=\"88a98d3\" data-element_type=\"widget\" data-widget_type=\"heading.default\">\n\t\t\t\t<div class=\"elementor-widget-container\">\n\t\t\t\t\t<h2 class=\"elementor-heading-title elementor-size-large\"> eventos transformativos<\/h2>\t\t\t\t<\/div>\n\t\t\t\t<\/div>\n\t\t\t\t<div class=\"elementor-element elementor-element-3778e4c elementor-widget elementor-widget-text-editor\" data-id=\"3778e4c\" data-element_type=\"widget\" data-widget_type=\"text-editor.default\">\n\t\t\t\t<div class=\"elementor-widget-container\">\n\t\t\t\t\t\t\t\t\t<p>Ayudas a la organizaci\u00f3n de actividades y propuestas permaculturales para eventos transformativos, como festivales, encuentros, jornadas, retiros y procesos de voluntariado para iniciativas y proyectos de base sustentable.<\/p><p>Soluciones eco-responsables para abordar necesidades caracter\u00edsticas de cualquier evento pero desde una mirada org\u00e1nica, humana y respetuosa con el entorno.<\/p>\t\t\t\t\t\t\t\t<\/div>\n\t\t\t\t<\/div>\n\t\t\t\t\t<\/div>\n\t\t<\/div>\n\t\t\t\t\t<\/div>\n\t\t<\/section>\n\t\t\t\t\t<\/div>\n\t\t<\/div>\n\t\t\t\t\t<\/div>\n\t\t<\/section>\n\t\t\t\t<section class=\"elementor-section elementor-top-section elementor-element elementor-element-3397726 elementor-section-boxed elementor-section-height-default elementor-section-height-default\" data-id=\"3397726\" data-element_type=\"section\">\n\t\t\t\t\t\t<div class=\"elementor-container elementor-column-gap-default\">\n\t\t\t\t\t<div class=\"elementor-column elementor-col-100 elementor-top-column elementor-element elementor-element-e73570e\" data-id=\"e73570e\" data-element_type=\"column\">\n\t\t\t<div class=\"elementor-widget-wrap elementor-element-populated\">\n\t\t\t\t\t\t<div class=\"elementor-element elementor-element-cc2f148 elementor-view-default elementor-widget elementor-widget-icon\" data-id=\"cc2f148\" data-element_type=\"widget\" data-widget_type=\"icon.default\">\n\t\t\t\t<div class=\"elementor-widget-container\">\n\t\t\t\t\t\t\t<div class=\"elementor-icon-wrapper\">\n\t\t\t<a class=\"elementor-icon\" href=\"#\">\n\t\t\t<svg xmlns=\"http:\/\/www.w3.org\/2000\/svg\" viewBox=\"0 0 58.4 58.38\"><title>contactogestion_permacultura_ecologia<\/title><g id=\"Capa_2\" data-name=\"Capa 2\"><g id=\"Capa_1-2\" data-name=\"Capa 1\"><path d=\"M13.11,0l1,.28A6.76,6.76,0,0,1,17,2.06C19.66,4.71,22.32,7.34,25,10a6.51,6.51,0,0,1,0,9.52c-1.27,1.28-2.55,2.55-3.78,3.78l14,14c.37-.4.78-.89,1.24-1.35.94-1,1.88-1.93,2.87-2.84a6.35,6.35,0,0,1,8.7,0c2.7,2.54,5.28,5.2,7.88,7.84a10.94,10.94,0,0,1,1.64,2,6.3,6.3,0,0,1-.73,7.56,27.62,27.62,0,0,1-6.12,5.34,18.77,18.77,0,0,1-22.94-3c-2.59-2.57-5.16-5.16-7.74-7.74a2.32,2.32,0,0,1-.45-.58,1,1,0,0,1,.21-1.26A1,1,0,0,1,21,43a3.18,3.18,0,0,1,.61.5l7.62,7.62a16.29,16.29,0,0,0,12.65,5,15.84,15.84,0,0,0,9-3.27l-14.2-14.2a10.6,10.6,0,0,1-.8,1,1.17,1.17,0,0,1-1.89,0Q26.42,32,18.8,24.33a1.19,1.19,0,0,1,0-1.93c1.5-1.51,3-3,4.51-4.52a4.18,4.18,0,0,0,.77-5.26,5.51,5.51,0,0,0-.88-1.11Q19.37,7.63,15.5,3.77A4.27,4.27,0,0,0,9,3.78C8.42,4.37,7.82,5,7.21,5.57l.46.49L15.61,14c.78.78.88,1.43.32,2s-1.17.41-1.93-.35L6.19,7.8a5.72,5.72,0,0,1-.47-.67C5.08,8.21,4.47,9.06,4,10A16.43,16.43,0,0,0,7.28,29.14c2.51,2.52,5,5,7.53,7.55a2.46,2.46,0,0,1,.58,1,.93.93,0,0,1-.52,1.05,1.06,1.06,0,0,1-1.18,0,1.83,1.83,0,0,1-.31-.24C10.56,35.64,7.7,32.85,5,30a17.92,17.92,0,0,1-4.86-11c0-.15-.06-.3-.09-.44V16.2c0-.23.08-.45.1-.67A19,19,0,0,1,2.38,8.2,26.65,26.65,0,0,1,8.15,1.5,9.58,9.58,0,0,1,10.38.29a5.94,5.94,0,0,1,1-.29ZM52.83,51.15c.66-.66,1.33-1.3,2-2a4.17,4.17,0,0,0,0-6.07c-2.68-2.75-5.41-5.46-8.14-8.15A4.06,4.06,0,0,0,42,34c-1.45.59-2.28,1.94-3.4,2.92Z\"><\/path><path d=\"M53.48,0a7.62,7.62,0,0,1,2.85,1.34,5.47,5.47,0,0,1,2,4.12c0,4.5.07,9,0,13.51a5.68,5.68,0,0,1-5.55,5.43c-1.33,0-2.66,0-4,0a1.12,1.12,0,0,0-.74.37c-.93,1.18-1.83,2.38-2.74,3.57s-1.54,1.13-2.42,0S41.09,26,40.19,24.77a.85.85,0,0,0-.76-.37,38.06,38.06,0,0,1-4.78-.12,5.58,5.58,0,0,1-4.77-5.54c0-4.28,0-8.56,0-12.83A5.74,5.74,0,0,1,34.47.11,1.63,1.63,0,0,0,34.78,0ZM44.14,26.18C45,25,45.87,23.93,46.7,22.82a1.54,1.54,0,0,1,1.4-.7q2.22,0,4.44,0a3.42,3.42,0,0,0,3.56-3.56q0-6.36,0-12.71a3.41,3.41,0,0,0-3.56-3.56q-8.4,0-16.81,0a3.4,3.4,0,0,0-3.57,3.6q0,6.3,0,12.59a3.43,3.43,0,0,0,3.65,3.64c1.42,0,2.85,0,4.27,0a1.71,1.71,0,0,1,1.54.78C42.42,24,43.26,25,44.14,26.18Z\"><\/path><path d=\"M17.93,16.79A1.15,1.15,0,0,1,19,17.93a1.13,1.13,0,0,1-1.13,1.12,1.16,1.16,0,0,1-1.13-1.13A1.2,1.2,0,0,1,17.93,16.79Z\"><\/path><path d=\"M17.58,42.2a1.18,1.18,0,0,1-1.13-1.14,1.19,1.19,0,0,1,1.14-1.13,1.16,1.16,0,0,1,1.12,1.14A1.15,1.15,0,0,1,17.58,42.2Z\"><\/path><circle cx=\"36.28\" cy=\"12.14\" r=\"1.71\"><\/circle><circle cx=\"43.7\" cy=\"12.14\" r=\"1.71\"><\/circle><circle cx=\"50.99\" cy=\"12.14\" r=\"1.71\"><\/circle><\/g><\/g><\/svg>\t\t\t<\/a>\n\t\t<\/div>\n\t\t\t\t\t\t<\/div>\n\t\t\t\t<\/div>\n\t\t\t\t<div class=\"elementor-element elementor-element-a1cd7bc elementor-widget elementor-widget-text-editor\" data-id=\"a1cd7bc\" data-element_type=\"widget\" data-widget_type=\"text-editor.default\">\n\t\t\t\t<div class=\"elementor-widget-container\">\n\t\t\t\t\t\t\t\t\t<p>Ponte en contacto conmigo si quieres crear una plan de gesti\u00f3n adaptado a tus necesidades<\/p>\t\t\t\t\t\t\t\t<\/div>\n\t\t\t\t<\/div>\n\t\t\t\t\t<\/div>\n\t\t<\/div>\n\t\t\t\t\t<\/div>\n\t\t<\/section>\n\t\t\t\t<\/div>\n\t\t","protected":false},"excerpt":{"rendered":"<p>gesti\u00f3n Ayuda profesional para organizaci\u00f3n y gesti\u00f3n de proyectos regenerativos, procesos educativos y eventos transformativos. A\u00f1os de experiencia como coordinador en diferentes instituciones y proyectos de permacultura a nivel nacional e internacional me permiten ofrecer servicios de dise\u00f1o de contenido y organizaci\u00f3n de programas educativos, creaci\u00f3n de redes, log\u00edstica y difusi\u00f3n para formaciones y eventos [&hellip;]<\/p>\n","protected":false},"author":1,"featured_media":0,"parent":0,"menu_order":0,"comment_status":"closed","ping_status":"closed","template":"elementor_header_footer","meta":{"footnotes":""},"class_list":["post-1018","page","type-page","status-publish","hentry"],"_links":{"self":[{"href":"https:\/\/www.grandepermacultura.com\/es\/wp-json\/wp\/v2\/pages\/1018","targetHints":{"allow":["GET"]}}],"collection":[{"href":"https:\/\/www.grandepermacultura.com\/es\/wp-json\/wp\/v2\/pages"}],"about":[{"href":"https:\/\/www.grandepermacultura.com\/es\/wp-json\/wp\/v2\/types\/page"}],"author":[{"embeddable":true,"href":"https:\/\/www.grandepermacultura.com\/es\/wp-json\/wp\/v2\/users\/1"}],"replies":[{"embeddable":true,"href":"https:\/\/www.grandepermacultura.com\/es\/wp-json\/wp\/v2\/comments?post=1018"}],"version-history":[{"count":46,"href":"https:\/\/www.grandepermacultura.com\/es\/wp-json\/wp\/v2\/pages\/1018\/revisions"}],"predecessor-version":[{"id":2151,"href":"https:\/\/www.grandepermacultura.com\/es\/wp-json\/wp\/v2\/pages\/1018\/revisions\/2151"}],"wp:attachment":[{"href":"https:\/\/www.grandepermacultura.com\/es\/wp-json\/wp\/v2\/media?parent=1018"}],"curies":[{"name":"wp","href":"https:\/\/api.w.org\/{rel}","templated":true}]}}