{"id":1064,"date":"2023-07-14T22:58:01","date_gmt":"2023-07-14T22:58:01","guid":{"rendered":"https:\/\/www.grandepermacultura.com\/?page_id=1064"},"modified":"2023-07-24T08:48:01","modified_gmt":"2023-07-24T08:48:01","slug":"recursos","status":"publish","type":"page","link":"https:\/\/www.grandepermacultura.com\/es\/recursos\/","title":{"rendered":"Recursos"},"content":{"rendered":"\t\t<div data-elementor-type=\"wp-page\" data-elementor-id=\"1064\" class=\"elementor elementor-1064\" data-elementor-post-type=\"page\">\n\t\t\t\t\t\t<section class=\"elementor-section elementor-top-section elementor-element elementor-element-30115c6 elementor-section-boxed elementor-section-height-default elementor-section-height-default\" data-id=\"30115c6\" data-element_type=\"section\" data-settings=\"{&quot;background_background&quot;:&quot;classic&quot;}\">\n\t\t\t\t\t\t\t<div class=\"elementor-background-overlay\"><\/div>\n\t\t\t\t\t\t\t<div class=\"elementor-container elementor-column-gap-wide\">\n\t\t\t\t\t<div class=\"elementor-column elementor-col-50 elementor-top-column elementor-element elementor-element-2b416ee\" data-id=\"2b416ee\" data-element_type=\"column\">\n\t\t\t<div class=\"elementor-widget-wrap elementor-element-populated\">\n\t\t\t\t\t\t<div class=\"elementor-element elementor-element-2fbe62f elementor-widget elementor-widget-heading\" data-id=\"2fbe62f\" data-element_type=\"widget\" data-widget_type=\"heading.default\">\n\t\t\t\t<div class=\"elementor-widget-container\">\n\t\t\t\t\t<h1 class=\"elementor-heading-title elementor-size-large\">permacultura<\/h1>\t\t\t\t<\/div>\n\t\t\t\t<\/div>\n\t\t\t\t<div class=\"elementor-element elementor-element-46c62f6 elementor-widget elementor-widget-heading\" data-id=\"46c62f6\" data-element_type=\"widget\" data-widget_type=\"heading.default\">\n\t\t\t\t<div class=\"elementor-widget-container\">\n\t\t\t\t\t<span class=\"elementor-heading-title elementor-size-medium\">Unha caixa de ferramentas<br>para dese\u00f1ar un mundo mellor<\/span>\t\t\t\t<\/div>\n\t\t\t\t<\/div>\n\t\t\t\t<div class=\"elementor-element elementor-element-89a1738 elementor-widget elementor-widget-text-editor\" data-id=\"89a1738\" data-element_type=\"widget\" data-widget_type=\"text-editor.default\">\n\t\t\t\t<div class=\"elementor-widget-container\">\n\t\t\t\t\t\t\t\t\t<p>Autor: Alexandre Grande Babarro<br \/>Editora: Catro Ventos<\/p>\t\t\t\t\t\t\t\t<\/div>\n\t\t\t\t<\/div>\n\t\t\t\t<div class=\"elementor-element elementor-element-693a37c elementor-widget elementor-widget-text-editor\" data-id=\"693a37c\" data-element_type=\"widget\" data-widget_type=\"text-editor.default\">\n\t\t\t\t<div class=\"elementor-widget-container\">\n\t\t\t\t\t\t\t\t\t<p>Quien piense que la permacultura tiene que ver con la disposici\u00f3n de los cultivos o con la bioconstrucci\u00f3n, va por el buen camino, pero no encontrar\u00e1 aqu\u00ed el t\u00edpico libro de permacultura, sino un libro que va mucho m\u00e1s all\u00e1.\u00a0<\/p><p>Su esencia es nutrir y difundir la visi\u00f3n de una permacultura integral y pr\u00e1ctica que nos ayudar\u00e1 a tomar consciencia de los retos actuales, a evaluar acertadamente nuestras posibilidades y a tejer redes.\u00a0<\/p><p>Desde las experiencias personales y una trayectoria activa y activista, pero sobre todo desde la curiosidad cara a proyectos que apuestan por otro mundo posible, Alexandre Grande Babarro nos presenta en esta obra una visi\u00f3n global de la permacultura que aborda historia, trazos caracter\u00edsticos, herramientas de dise\u00f1o y recursos para un mundo mejor.\u00a0<\/p><p>Completa adem\u00e1s su ayuda con la presentaci\u00f3n de proyectos asentados en Galicia que nos proponen respuestas reales y viables ante las crisis ecol\u00f3gica y sist\u00e9mica mundiales.<\/p>\t\t\t\t\t\t\t\t<\/div>\n\t\t\t\t<\/div>\n\t\t\t\t\t<\/div>\n\t\t<\/div>\n\t\t\t\t<div class=\"elementor-column elementor-col-50 elementor-top-column elementor-element elementor-element-bad639c\" data-id=\"bad639c\" data-element_type=\"column\" data-settings=\"{&quot;background_background&quot;:&quot;classic&quot;}\">\n\t\t\t<div class=\"elementor-widget-wrap elementor-element-populated\">\n\t\t\t\t\t\t<div class=\"elementor-element elementor-element-d193a26 elementor-invisible elementor-widget elementor-widget-image\" data-id=\"d193a26\" data-element_type=\"widget\" data-settings=\"{&quot;_animation&quot;:&quot;fadeInRight&quot;,&quot;_animation_mobile&quot;:&quot;none&quot;}\" data-widget_type=\"image.default\">\n\t\t\t\t<div class=\"elementor-widget-container\">\n\t\t\t\t\t\t\t\t\t\t\t\t\t\t\t\t<a href=\"https:\/\/catroventos.gal\/produto\/permacultura-edicion-actualizada\/\" target=\"_blank\">\n\t\t\t\t\t\t\t<img fetchpriority=\"high\" decoding=\"async\" width=\"663\" height=\"1024\" src=\"https:\/\/www.grandepermacultura.com\/wp-content\/uploads\/2023\/07\/libro-permacultura-caixa-ferramentas-desenho-mundo-mellor-663x1024.jpg\" class=\"attachment-large size-large wp-image-1072\" alt=\"\" srcset=\"https:\/\/www.grandepermacultura.com\/wp-content\/uploads\/2023\/07\/libro-permacultura-caixa-ferramentas-desenho-mundo-mellor-663x1024.jpg 663w, https:\/\/www.grandepermacultura.com\/wp-content\/uploads\/2023\/07\/libro-permacultura-caixa-ferramentas-desenho-mundo-mellor-194x300.jpg 194w, https:\/\/www.grandepermacultura.com\/wp-content\/uploads\/2023\/07\/libro-permacultura-caixa-ferramentas-desenho-mundo-mellor-768x1186.jpg 768w, https:\/\/www.grandepermacultura.com\/wp-content\/uploads\/2023\/07\/libro-permacultura-caixa-ferramentas-desenho-mundo-mellor.jpg 902w\" sizes=\"(max-width: 663px) 100vw, 663px\" \/>\t\t\t\t\t\t\t\t<\/a>\n\t\t\t\t\t\t\t\t\t\t\t\t\t\t\t<\/div>\n\t\t\t\t<\/div>\n\t\t\t\t\t<\/div>\n\t\t<\/div>\n\t\t\t\t\t<\/div>\n\t\t<\/section>\n\t\t\t\t<section class=\"elementor-section elementor-top-section elementor-element elementor-element-6291a5e elementor-section-height-min-height elementor-section-boxed elementor-section-height-default elementor-section-items-middle\" data-id=\"6291a5e\" data-element_type=\"section\">\n\t\t\t\t\t\t<div class=\"elementor-container elementor-column-gap-default\">\n\t\t\t\t\t<div class=\"elementor-column elementor-col-50 elementor-top-column elementor-element elementor-element-8122496\" data-id=\"8122496\" data-element_type=\"column\">\n\t\t\t<div class=\"elementor-widget-wrap elementor-element-populated\">\n\t\t\t\t\t\t<div class=\"elementor-element elementor-element-837caf6 img_transp elementor-invisible elementor-widget elementor-widget-image\" data-id=\"837caf6\" data-element_type=\"widget\" data-settings=\"{&quot;_animation&quot;:&quot;fadeInLeft&quot;,&quot;_animation_mobile&quot;:&quot;none&quot;}\" data-widget_type=\"image.default\">\n\t\t\t\t<div class=\"elementor-widget-container\">\n\t\t\t\t\t\t\t\t\t\t\t\t\t\t\t<img decoding=\"async\" width=\"485\" height=\"323\" src=\"https:\/\/www.grandepermacultura.com\/wp-content\/uploads\/2023\/07\/catroventos_editora.jpg\" class=\"attachment-large size-large wp-image-1076\" alt=\"\" srcset=\"https:\/\/www.grandepermacultura.com\/wp-content\/uploads\/2023\/07\/catroventos_editora.jpg 485w, https:\/\/www.grandepermacultura.com\/wp-content\/uploads\/2023\/07\/catroventos_editora-300x200.jpg 300w\" sizes=\"(max-width: 485px) 100vw, 485px\" \/>\t\t\t\t\t\t\t\t\t\t\t\t\t\t\t<\/div>\n\t\t\t\t<\/div>\n\t\t\t\t\t<\/div>\n\t\t<\/div>\n\t\t\t\t<div class=\"elementor-column elementor-col-50 elementor-top-column elementor-element elementor-element-77086de\" data-id=\"77086de\" data-element_type=\"column\">\n\t\t\t<div class=\"elementor-widget-wrap elementor-element-populated\">\n\t\t\t\t\t\t<div class=\"elementor-element elementor-element-e114ede elementor-widget elementor-widget-text-editor\" data-id=\"e114ede\" data-element_type=\"widget\" data-widget_type=\"text-editor.default\">\n\t\t\t\t<div class=\"elementor-widget-container\">\n\t\t\t\t\t\t\t\t\t<p>Esta es la primera obra de permacultura publicada en galego y ha tenido una acogida excelente por el p\u00fablico, con cuatro reimpresiones y una segunda reedici\u00f3n actualizada en 2023.<\/p><p>Si quieres hacerte con tu ejemplar pincha aqu\u00ed y podr\u00e1s acceder a esta obra y otras publicaciones de la editorial Catro Ventos.<\/p>\t\t\t\t\t\t\t\t<\/div>\n\t\t\t\t<\/div>\n\t\t\t\t\t<\/div>\n\t\t<\/div>\n\t\t\t\t\t<\/div>\n\t\t<\/section>\n\t\t\t\t<section class=\"elementor-section elementor-top-section elementor-element elementor-element-c266b45 elementor-section-boxed elementor-section-height-default elementor-section-height-default\" data-id=\"c266b45\" data-element_type=\"section\" data-settings=\"{&quot;background_background&quot;:&quot;classic&quot;}\">\n\t\t\t\t\t\t\t<div class=\"elementor-background-overlay\"><\/div>\n\t\t\t\t\t\t\t<div class=\"elementor-container elementor-column-gap-wide\">\n\t\t\t\t\t<div class=\"elementor-column elementor-col-50 elementor-top-column elementor-element elementor-element-f21c64a\" data-id=\"f21c64a\" data-element_type=\"column\">\n\t\t\t<div class=\"elementor-widget-wrap elementor-element-populated\">\n\t\t\t\t\t\t<div class=\"elementor-element elementor-element-26499c3 elementor-widget elementor-widget-heading\" data-id=\"26499c3\" data-element_type=\"widget\" data-widget_type=\"heading.default\">\n\t\t\t\t<div class=\"elementor-widget-container\">\n\t\t\t\t\t<h1 class=\"elementor-heading-title elementor-size-large\">permacultura no reque<\/h1>\t\t\t\t<\/div>\n\t\t\t\t<\/div>\n\t\t\t\t<div class=\"elementor-element elementor-element-8dd9a1b elementor-widget elementor-widget-heading\" data-id=\"8dd9a1b\" data-element_type=\"widget\" data-widget_type=\"heading.default\">\n\t\t\t\t<div class=\"elementor-widget-container\">\n\t\t\t\t\t<span class=\"elementor-heading-title elementor-size-medium\">Un proyecto audiovisual para \nla difusi\u00f3n de la permacultura\n<\/span>\t\t\t\t<\/div>\n\t\t\t\t<\/div>\n\t\t\t\t<div class=\"elementor-element elementor-element-6189879 elementor-widget elementor-widget-text-editor\" data-id=\"6189879\" data-element_type=\"widget\" data-widget_type=\"text-editor.default\">\n\t\t\t\t<div class=\"elementor-widget-container\">\n\t\t\t\t\t\t\t\t\t<p>El proyecto audiovisual Permacultura no Reque es una iniciativa de car\u00e1cter documental y divulgativa impulsada por la Vicepresidencia de la Diputaci\u00f3n de Lugo, que nace con el fin de promover conocimientos y buenas pr\u00e1cticas en diferentes \u00e1mbitos de la permacultura y la sustentabilidad.\u00a0<\/p><p>El contenido que se pretende crear y publicar a trav\u00e9s de este proyecto est\u00e1 enfocado principalmente en acercar a la ciudadan\u00eda m\u00faltiples herramientas y experiencias que inspiren, fomenten y capaciten el desarrollo de modelos de vida m\u00e1s sostenibles, a nivel ecol\u00f3gico, econ\u00f3mico y social.<br \/>As\u00ed como promover valores basados en el bien com\u00fan, la autosuficiencia y la responsabilidad medioambiental.\u00a0<\/p><p>Este es un proyecto que dirijo, presento y edito, de la mano de Rial-X FPV. Gran compa\u00f1ero de trabajo y excelente profesional del audiovisual con el que recorremos inspiradores proyectos en Galicia y cubrimos parte de las formaciones que se ofrecen en el Espazo Permacultural Lugar de Reque, con el objetivo de brindaros el mejor contenido sobre la vanguardia permacultural galega.<\/p>\t\t\t\t\t\t\t\t<\/div>\n\t\t\t\t<\/div>\n\t\t\t\t<div class=\"elementor-element elementor-element-4dc6489 elementor-widget elementor-widget-text-editor\" data-id=\"4dc6489\" data-element_type=\"widget\" data-widget_type=\"text-editor.default\">\n\t\t\t\t<div class=\"elementor-widget-container\">\n\t\t\t\t\t\t\t\t\tSi quieres acceder al contenido del canal puedes pinchar directamente sobre la ventana de cada v\u00eddeo.\t\t\t\t\t\t\t\t<\/div>\n\t\t\t\t<\/div>\n\t\t\t\t\t<\/div>\n\t\t<\/div>\n\t\t\t\t<div class=\"elementor-column elementor-col-50 elementor-top-column elementor-element elementor-element-fcee1b5\" data-id=\"fcee1b5\" data-element_type=\"column\" data-settings=\"{&quot;background_background&quot;:&quot;classic&quot;}\">\n\t\t\t<div class=\"elementor-widget-wrap elementor-element-populated\">\n\t\t\t\t\t\t<div class=\"elementor-element elementor-element-6c2dcc9 elementor-widget__width-initial elementor-invisible elementor-widget elementor-widget-image\" data-id=\"6c2dcc9\" data-element_type=\"widget\" data-settings=\"{&quot;_animation&quot;:&quot;fadeIn&quot;}\" data-widget_type=\"image.default\">\n\t\t\t\t<div class=\"elementor-widget-container\">\n\t\t\t\t\t\t\t\t\t\t\t\t\t\t\t\t<a href=\"https:\/\/www.youtube.com\/watch?v=SiHzWNo9dtw&#038;t=244s\" target=\"_blank\">\n\t\t\t\t\t\t\t<img decoding=\"async\" width=\"660\" height=\"372\" src=\"https:\/\/www.grandepermacultura.com\/wp-content\/uploads\/2023\/07\/petalos_tecnoloxiasgrande_babarro_.jpg\" class=\"attachment-large size-large wp-image-1083\" alt=\"\" srcset=\"https:\/\/www.grandepermacultura.com\/wp-content\/uploads\/2023\/07\/petalos_tecnoloxiasgrande_babarro_.jpg 660w, https:\/\/www.grandepermacultura.com\/wp-content\/uploads\/2023\/07\/petalos_tecnoloxiasgrande_babarro_-300x169.jpg 300w\" sizes=\"(max-width: 660px) 100vw, 660px\" \/>\t\t\t\t\t\t\t\t<\/a>\n\t\t\t\t\t\t\t\t\t\t\t\t\t\t\t<\/div>\n\t\t\t\t<\/div>\n\t\t\t\t<div class=\"elementor-element elementor-element-4224684 elementor-widget__width-initial elementor-invisible elementor-widget elementor-widget-image\" data-id=\"4224684\" data-element_type=\"widget\" data-settings=\"{&quot;_animation&quot;:&quot;fadeIn&quot;,&quot;_animation_delay&quot;:100}\" data-widget_type=\"image.default\">\n\t\t\t\t<div class=\"elementor-widget-container\">\n\t\t\t\t\t\t\t\t\t\t\t\t\t\t\t\t<a href=\"https:\/\/www.youtube.com\/watch?v=spCw4pA8Vtw&#038;t=10s\" target=\"_blank\">\n\t\t\t\t\t\t\t<img loading=\"lazy\" decoding=\"async\" width=\"662\" height=\"372\" src=\"https:\/\/www.grandepermacultura.com\/wp-content\/uploads\/2023\/07\/estufas_de_inerciagrande_babarro_.jpg\" class=\"attachment-large size-large wp-image-1080\" alt=\"\" srcset=\"https:\/\/www.grandepermacultura.com\/wp-content\/uploads\/2023\/07\/estufas_de_inerciagrande_babarro_.jpg 662w, https:\/\/www.grandepermacultura.com\/wp-content\/uploads\/2023\/07\/estufas_de_inerciagrande_babarro_-300x169.jpg 300w\" sizes=\"(max-width: 662px) 100vw, 662px\" \/>\t\t\t\t\t\t\t\t<\/a>\n\t\t\t\t\t\t\t\t\t\t\t\t\t\t\t<\/div>\n\t\t\t\t<\/div>\n\t\t\t\t<div class=\"elementor-element elementor-element-bddd71a elementor-widget__width-initial elementor-invisible elementor-widget elementor-widget-image\" data-id=\"bddd71a\" data-element_type=\"widget\" data-settings=\"{&quot;_animation&quot;:&quot;fadeIn&quot;,&quot;_animation_delay&quot;:200}\" data-widget_type=\"image.default\">\n\t\t\t\t<div class=\"elementor-widget-container\">\n\t\t\t\t\t\t\t\t\t\t\t\t\t\t\t\t<a href=\"https:\/\/www.youtube.com\/watch?v=ylNtVZ0zy9Q&#038;t=182s\">\n\t\t\t\t\t\t\t<img loading=\"lazy\" decoding=\"async\" width=\"662\" height=\"373\" src=\"https:\/\/www.grandepermacultura.com\/wp-content\/uploads\/2023\/07\/Curso_bioconstruccion_grande_babarro_.jpg\" class=\"attachment-large size-large wp-image-1079\" alt=\"\" srcset=\"https:\/\/www.grandepermacultura.com\/wp-content\/uploads\/2023\/07\/Curso_bioconstruccion_grande_babarro_.jpg 662w, https:\/\/www.grandepermacultura.com\/wp-content\/uploads\/2023\/07\/Curso_bioconstruccion_grande_babarro_-300x169.jpg 300w\" sizes=\"(max-width: 662px) 100vw, 662px\" \/>\t\t\t\t\t\t\t\t<\/a>\n\t\t\t\t\t\t\t\t\t\t\t\t\t\t\t<\/div>\n\t\t\t\t<\/div>\n\t\t\t\t<div class=\"elementor-element elementor-element-44e0f12 elementor-widget__width-initial elementor-invisible elementor-widget elementor-widget-image\" data-id=\"44e0f12\" data-element_type=\"widget\" data-settings=\"{&quot;_animation&quot;:&quot;fadeIn&quot;,&quot;_animation_delay&quot;:300}\" data-widget_type=\"image.default\">\n\t\t\t\t<div class=\"elementor-widget-container\">\n\t\t\t\t\t\t\t\t\t\t\t\t\t\t\t\t<a href=\"https:\/\/www.youtube.com\/watch?v=sADNvobNQ3o\" target=\"_blank\">\n\t\t\t\t\t\t\t<img loading=\"lazy\" decoding=\"async\" width=\"660\" height=\"372\" src=\"https:\/\/www.grandepermacultura.com\/wp-content\/uploads\/2023\/07\/Petalo_educacion_grande_babarro_.jpg\" class=\"attachment-large size-large wp-image-1082\" alt=\"\" srcset=\"https:\/\/www.grandepermacultura.com\/wp-content\/uploads\/2023\/07\/Petalo_educacion_grande_babarro_.jpg 660w, https:\/\/www.grandepermacultura.com\/wp-content\/uploads\/2023\/07\/Petalo_educacion_grande_babarro_-300x169.jpg 300w\" sizes=\"(max-width: 660px) 100vw, 660px\" \/>\t\t\t\t\t\t\t\t<\/a>\n\t\t\t\t\t\t\t\t\t\t\t\t\t\t\t<\/div>\n\t\t\t\t<\/div>\n\t\t\t\t<div class=\"elementor-element elementor-element-aa973da elementor-widget__width-initial elementor-invisible elementor-widget elementor-widget-image\" data-id=\"aa973da\" data-element_type=\"widget\" data-settings=\"{&quot;_animation&quot;:&quot;fadeIn&quot;,&quot;_animation_delay&quot;:400}\" data-widget_type=\"image.default\">\n\t\t\t\t<div class=\"elementor-widget-container\">\n\t\t\t\t\t\t\t\t\t\t\t\t\t\t\t\t<a href=\"https:\/\/www.youtube.com\/watch?v=UgzdhrpJNNs&#038;t=3s\" target=\"_blank\">\n\t\t\t\t\t\t\t<img loading=\"lazy\" decoding=\"async\" width=\"660\" height=\"372\" src=\"https:\/\/www.grandepermacultura.com\/wp-content\/uploads\/2023\/07\/Agricultura_rexenerativa_grande_babarro_.jpg\" class=\"attachment-large size-large wp-image-1078\" alt=\"\" srcset=\"https:\/\/www.grandepermacultura.com\/wp-content\/uploads\/2023\/07\/Agricultura_rexenerativa_grande_babarro_.jpg 660w, https:\/\/www.grandepermacultura.com\/wp-content\/uploads\/2023\/07\/Agricultura_rexenerativa_grande_babarro_-300x169.jpg 300w\" sizes=\"(max-width: 660px) 100vw, 660px\" \/>\t\t\t\t\t\t\t\t<\/a>\n\t\t\t\t\t\t\t\t\t\t\t\t\t\t\t<\/div>\n\t\t\t\t<\/div>\n\t\t\t\t<div class=\"elementor-element elementor-element-0ddd064 elementor-widget__width-initial elementor-invisible elementor-widget elementor-widget-image\" data-id=\"0ddd064\" data-element_type=\"widget\" data-settings=\"{&quot;_animation&quot;:&quot;fadeIn&quot;,&quot;_animation_delay&quot;:500}\" data-widget_type=\"image.default\">\n\t\t\t\t<div class=\"elementor-widget-container\">\n\t\t\t\t\t\t\t\t\t\t\t\t\t\t\t\t<a href=\"https:\/\/www.youtube.com\/watch?v=_KHqa_qZKjY&#038;t=95s\" target=\"_blank\">\n\t\t\t\t\t\t\t<img loading=\"lazy\" decoding=\"async\" width=\"658\" height=\"370\" src=\"https:\/\/www.grandepermacultura.com\/wp-content\/uploads\/2023\/07\/festival_ecofamiliar_grande_babarro_.jpg\" class=\"attachment-large size-large wp-image-1081\" alt=\"\" srcset=\"https:\/\/www.grandepermacultura.com\/wp-content\/uploads\/2023\/07\/festival_ecofamiliar_grande_babarro_.jpg 658w, https:\/\/www.grandepermacultura.com\/wp-content\/uploads\/2023\/07\/festival_ecofamiliar_grande_babarro_-300x169.jpg 300w\" sizes=\"(max-width: 658px) 100vw, 658px\" \/>\t\t\t\t\t\t\t\t<\/a>\n\t\t\t\t\t\t\t\t\t\t\t\t\t\t\t<\/div>\n\t\t\t\t<\/div>\n\t\t\t\t\t<\/div>\n\t\t<\/div>\n\t\t\t\t\t<\/div>\n\t\t<\/section>\n\t\t\t\t<\/div>\n\t\t","protected":false},"excerpt":{"rendered":"<p>permacultura Unha caixa de ferramentaspara dese\u00f1ar un mundo mellor Autor: Alexandre Grande BabarroEditora: Catro Ventos Quien piense que la permacultura tiene que ver con la disposici\u00f3n de los cultivos o con la bioconstrucci\u00f3n, va por el buen camino, pero no encontrar\u00e1 aqu\u00ed el t\u00edpico libro de permacultura, sino un libro que va mucho m\u00e1s all\u00e1.\u00a0 [&hellip;]<\/p>\n","protected":false},"author":1,"featured_media":0,"parent":0,"menu_order":0,"comment_status":"closed","ping_status":"closed","template":"elementor_header_footer","meta":{"footnotes":""},"class_list":["post-1064","page","type-page","status-publish","hentry"],"_links":{"self":[{"href":"https:\/\/www.grandepermacultura.com\/es\/wp-json\/wp\/v2\/pages\/1064","targetHints":{"allow":["GET"]}}],"collection":[{"href":"https:\/\/www.grandepermacultura.com\/es\/wp-json\/wp\/v2\/pages"}],"about":[{"href":"https:\/\/www.grandepermacultura.com\/es\/wp-json\/wp\/v2\/types\/page"}],"author":[{"embeddable":true,"href":"https:\/\/www.grandepermacultura.com\/es\/wp-json\/wp\/v2\/users\/1"}],"replies":[{"embeddable":true,"href":"https:\/\/www.grandepermacultura.com\/es\/wp-json\/wp\/v2\/comments?post=1064"}],"version-history":[{"count":43,"href":"https:\/\/www.grandepermacultura.com\/es\/wp-json\/wp\/v2\/pages\/1064\/revisions"}],"predecessor-version":[{"id":1255,"href":"https:\/\/www.grandepermacultura.com\/es\/wp-json\/wp\/v2\/pages\/1064\/revisions\/1255"}],"wp:attachment":[{"href":"https:\/\/www.grandepermacultura.com\/es\/wp-json\/wp\/v2\/media?parent=1064"}],"curies":[{"name":"wp","href":"https:\/\/api.w.org\/{rel}","templated":true}]}}