{"id":377,"date":"2023-07-04T09:12:54","date_gmt":"2023-07-04T09:12:54","guid":{"rendered":"https:\/\/www.grandepermacultura.com\/?page_id=377"},"modified":"2023-07-27T14:14:47","modified_gmt":"2023-07-27T14:14:47","slug":"servicios-diseno","status":"publish","type":"page","link":"https:\/\/www.grandepermacultura.com\/es\/servicios-diseno\/","title":{"rendered":"Servicios de dise\u00f1o"},"content":{"rendered":"\t\t<div data-elementor-type=\"wp-page\" data-elementor-id=\"377\" class=\"elementor elementor-377\" data-elementor-post-type=\"page\">\n\t\t\t\t\t\t<section class=\"elementor-section elementor-top-section elementor-element elementor-element-30115c6 elementor-section-boxed elementor-section-height-default elementor-section-height-default\" data-id=\"30115c6\" data-element_type=\"section\" data-settings=\"{&quot;background_background&quot;:&quot;classic&quot;}\">\n\t\t\t\t\t\t\t<div class=\"elementor-background-overlay\"><\/div>\n\t\t\t\t\t\t\t<div class=\"elementor-container elementor-column-gap-wide\">\n\t\t\t\t\t<div class=\"elementor-column elementor-col-50 elementor-top-column elementor-element elementor-element-2b416ee\" data-id=\"2b416ee\" data-element_type=\"column\">\n\t\t\t<div class=\"elementor-widget-wrap elementor-element-populated\">\n\t\t\t\t\t\t<div class=\"elementor-element elementor-element-2fbe62f elementor-widget elementor-widget-heading\" data-id=\"2fbe62f\" data-element_type=\"widget\" data-widget_type=\"heading.default\">\n\t\t\t\t<div class=\"elementor-widget-container\">\n\t\t\t\t\t<h1 class=\"elementor-heading-title elementor-size-large\">Servicios DE DISE\u00d1O<\/h1>\t\t\t\t<\/div>\n\t\t\t\t<\/div>\n\t\t\t\t<div class=\"elementor-element elementor-element-693a37c elementor-widget elementor-widget-text-editor\" data-id=\"693a37c\" data-element_type=\"widget\" data-widget_type=\"text-editor.default\">\n\t\t\t\t<div class=\"elementor-widget-container\">\n\t\t\t\t\t\t\t\t\t<p>El dise\u00f1o ecol\u00f3gico y de h\u00e1bitats humanos sustentables se ha convertido en una herramienta imprescindible para encarar las emergencias clim\u00e1tica, energ\u00e9tica, econ\u00f3mica y social que vivimos en la actualidad. Ayud\u00e1ndonos a desarrollar nuestras vidas y cubrir nuestras necesidades a trav\u00e9s de modelos m\u00e1s eficientes, creativos y respetuosos con el entorno.<\/p><p>A\u00f1os de formaci\u00f3n y experiencia como dise\u00f1ador en permacultura me han permitido acercar a mis clientes propuestas profesionales que nos faciliten abordar m\u00faltiples necesidades de dise\u00f1o desde perspectivas hol\u00edsticas y sustentables. Desde propuestas b\u00e1sicas para elementos concretos como jardines, huertas o estanques, hasta proyectos integrales para el dise\u00f1o de fincas familiares y productivas, centros de ecolog\u00eda o espacios p\u00fablicos y educativos.<\/p><p>Desde las primeras conversaciones hasta la elaboraci\u00f3n de un plan maestro final, en todos los casos, mi responsabilidad profesional siempre pasa por entender las necesidades reales de los clientes, definir las estrategias m\u00e1s adecuadas para cada caso, asegurar el bienestar econ\u00f3mico del proyecto y fomentar el compromiso con la regeneraci\u00f3n eco-social.<\/p>\t\t\t\t\t\t\t\t<\/div>\n\t\t\t\t<\/div>\n\t\t\t\t\t<\/div>\n\t\t<\/div>\n\t\t\t\t<div class=\"elementor-column elementor-col-50 elementor-top-column elementor-element elementor-element-bad639c\" data-id=\"bad639c\" data-element_type=\"column\" data-settings=\"{&quot;background_background&quot;:&quot;classic&quot;}\">\n\t\t\t<div class=\"elementor-widget-wrap\">\n\t\t\t\t\t\t\t<\/div>\n\t\t<\/div>\n\t\t\t\t\t<\/div>\n\t\t<\/section>\n\t\t\t\t<section class=\"elementor-section elementor-top-section elementor-element elementor-element-ec1f28a elementor-section-boxed elementor-section-height-default elementor-section-height-default\" data-id=\"ec1f28a\" data-element_type=\"section\">\n\t\t\t\t\t\t<div class=\"elementor-container elementor-column-gap-wider\">\n\t\t\t\t\t<div class=\"elementor-column elementor-col-33 elementor-top-column elementor-element elementor-element-cf2b5c0\" data-id=\"cf2b5c0\" data-element_type=\"column\">\n\t\t\t<div class=\"elementor-widget-wrap elementor-element-populated\">\n\t\t\t\t\t\t<div class=\"elementor-element elementor-element-51d27d6 img_transp elementor-invisible elementor-widget elementor-widget-image\" data-id=\"51d27d6\" data-element_type=\"widget\" data-settings=\"{&quot;_animation&quot;:&quot;fadeInLeft&quot;,&quot;_animation_mobile&quot;:&quot;none&quot;}\" data-widget_type=\"image.default\">\n\t\t\t\t<div class=\"elementor-widget-container\">\n\t\t\t\t\t\t\t\t\t\t\t\t\t\t\t<img fetchpriority=\"high\" decoding=\"async\" width=\"800\" height=\"833\" src=\"https:\/\/www.grandepermacultura.com\/wp-content\/uploads\/2023\/07\/implementacion_diseno_permacultura.jpg\" class=\"attachment-large size-large wp-image-614\" alt=\"\" srcset=\"https:\/\/www.grandepermacultura.com\/wp-content\/uploads\/2023\/07\/implementacion_diseno_permacultura.jpg 882w, https:\/\/www.grandepermacultura.com\/wp-content\/uploads\/2023\/07\/implementacion_diseno_permacultura-288x300.jpg 288w, https:\/\/www.grandepermacultura.com\/wp-content\/uploads\/2023\/07\/implementacion_diseno_permacultura-768x799.jpg 768w\" sizes=\"(max-width: 800px) 100vw, 800px\" \/>\t\t\t\t\t\t\t\t\t\t\t\t\t\t\t<\/div>\n\t\t\t\t<\/div>\n\t\t\t\t<section class=\"elementor-section elementor-inner-section elementor-element elementor-element-78a652e elementor-section-boxed elementor-section-height-default elementor-section-height-default\" data-id=\"78a652e\" data-element_type=\"section\">\n\t\t\t\t\t\t<div class=\"elementor-container elementor-column-gap-default\">\n\t\t\t\t\t<div class=\"elementor-column elementor-col-100 elementor-inner-column elementor-element elementor-element-695ec95\" data-id=\"695ec95\" data-element_type=\"column\">\n\t\t\t<div class=\"elementor-widget-wrap elementor-element-populated\">\n\t\t\t\t\t\t<div class=\"elementor-element elementor-element-707b3f3 elementor-widget elementor-widget-heading\" data-id=\"707b3f3\" data-element_type=\"widget\" data-widget_type=\"heading.default\">\n\t\t\t\t<div class=\"elementor-widget-container\">\n\t\t\t\t\t<h2 class=\"elementor-heading-title elementor-size-default\">dise\u00f1o en permacultura<\/h2>\t\t\t\t<\/div>\n\t\t\t\t<\/div>\n\t\t\t\t<div class=\"elementor-element elementor-element-5c5d83a elementor-widget elementor-widget-text-editor\" data-id=\"5c5d83a\" data-element_type=\"widget\" data-widget_type=\"text-editor.default\">\n\t\t\t\t<div class=\"elementor-widget-container\">\n\t\t\t\t\t\t\t\t\t<p>En general podemos decir que a trav\u00e9s de la permacultura podemos dise\u00f1arlo casi todo, desde sistemas naturales y productivos, hasta lugares destinados al turismo y otras actividades profesionales, pasando por espacios de uso p\u00fablico y educativo.<\/p><p>Desarrollo dise\u00f1os enfocados en jardines, fincas y espacios naturales de mayores dimensiones, abordando necesidades concretas como zonas de huerta, cultivos de arom\u00e1ticas, bosques comestibles y otros elementos productivos y paisaj\u00edsticos.<\/p><p>Realizo dise\u00f1os integrales que incluyan tambi\u00e9n gesti\u00f3n del agua, estructuras, energ\u00edas, animales o espacios comunitarios. Enfocando estos dise\u00f1os tanto al sector privado, fincas familiares o emprendimientos profesionales, como al sector p\u00fablico, fincas demostrativas o espacios de ocio basados en la ecolog\u00eda.<\/p>\t\t\t\t\t\t\t\t<\/div>\n\t\t\t\t<\/div>\n\t\t\t\t\t<\/div>\n\t\t<\/div>\n\t\t\t\t\t<\/div>\n\t\t<\/section>\n\t\t\t\t\t<\/div>\n\t\t<\/div>\n\t\t\t\t<div class=\"elementor-column elementor-col-33 elementor-top-column elementor-element elementor-element-2a8819f\" data-id=\"2a8819f\" data-element_type=\"column\">\n\t\t\t<div class=\"elementor-widget-wrap elementor-element-populated\">\n\t\t\t\t\t\t<div class=\"elementor-element elementor-element-27382f5 img_transp elementor-invisible elementor-widget elementor-widget-image\" data-id=\"27382f5\" data-element_type=\"widget\" data-settings=\"{&quot;_animation&quot;:&quot;fadeIn&quot;,&quot;_animation_mobile&quot;:&quot;none&quot;,&quot;_animation_delay&quot;:100}\" data-widget_type=\"image.default\">\n\t\t\t\t<div class=\"elementor-widget-container\">\n\t\t\t\t\t\t\t\t\t\t\t\t\t\t\t<img decoding=\"async\" width=\"800\" height=\"833\" src=\"https:\/\/www.grandepermacultura.com\/wp-content\/uploads\/2023\/07\/implementacion_espacios_educativos.jpg\" class=\"attachment-large size-large wp-image-615\" alt=\"\" srcset=\"https:\/\/www.grandepermacultura.com\/wp-content\/uploads\/2023\/07\/implementacion_espacios_educativos.jpg 882w, https:\/\/www.grandepermacultura.com\/wp-content\/uploads\/2023\/07\/implementacion_espacios_educativos-288x300.jpg 288w, https:\/\/www.grandepermacultura.com\/wp-content\/uploads\/2023\/07\/implementacion_espacios_educativos-768x799.jpg 768w\" sizes=\"(max-width: 800px) 100vw, 800px\" \/>\t\t\t\t\t\t\t\t\t\t\t\t\t\t\t<\/div>\n\t\t\t\t<\/div>\n\t\t\t\t<section class=\"elementor-section elementor-inner-section elementor-element elementor-element-90d66b5 elementor-section-boxed elementor-section-height-default elementor-section-height-default\" data-id=\"90d66b5\" data-element_type=\"section\">\n\t\t\t\t\t\t<div class=\"elementor-container elementor-column-gap-default\">\n\t\t\t\t\t<div class=\"elementor-column elementor-col-100 elementor-inner-column elementor-element elementor-element-2179d44\" data-id=\"2179d44\" data-element_type=\"column\">\n\t\t\t<div class=\"elementor-widget-wrap elementor-element-populated\">\n\t\t\t\t\t\t<div class=\"elementor-element elementor-element-c02ca18 elementor-widget elementor-widget-heading\" data-id=\"c02ca18\" data-element_type=\"widget\" data-widget_type=\"heading.default\">\n\t\t\t\t<div class=\"elementor-widget-container\">\n\t\t\t\t\t<h2 class=\"elementor-heading-title elementor-size-default\">espacios educativos<\/h2>\t\t\t\t<\/div>\n\t\t\t\t<\/div>\n\t\t\t\t<div class=\"elementor-element elementor-element-5f74dc9 elementor-widget elementor-widget-text-editor\" data-id=\"5f74dc9\" data-element_type=\"widget\" data-widget_type=\"text-editor.default\">\n\t\t\t\t<div class=\"elementor-widget-container\">\n\t\t\t\t\t\t\t\t\t<p>Cada vez son m\u00e1s los centros educativos que reconocen el inmenso potencial que tiene el contacto con la naturaleza para un pleno desarrollo de la infancia.<\/p><p>Ante la emergente demanda de entornos de aprendizaje m\u00e1s humanos y ecol\u00f3gicos, los dise\u00f1adores en permacultura estamos asumiendo una importante labor en el desarrollo de proyectos de re-naturalizaci\u00f3n de aquellos espacios en que ni\u00f1os y ni\u00f1as desenvuelven las primeras etapas de aprendizaje y crecimiento.<\/p><p>Actualmente aplicamos las herramientas y principios permaculturales para abordar dise\u00f1os que faciliten, tanto a ni\u00f1os como j\u00f3venes, espacios vivos y creativos en los que la infancia y la adolescencia accedan a modelos de aprendizaje significativos a trav\u00e9s de propuestas m\u00e1s respetuosas, org\u00e1nicas y vivenciales.<\/p>\t\t\t\t\t\t\t\t<\/div>\n\t\t\t\t<\/div>\n\t\t\t\t\t<\/div>\n\t\t<\/div>\n\t\t\t\t\t<\/div>\n\t\t<\/section>\n\t\t\t\t\t<\/div>\n\t\t<\/div>\n\t\t\t\t<div class=\"elementor-column elementor-col-33 elementor-top-column elementor-element elementor-element-29ec10e\" data-id=\"29ec10e\" data-element_type=\"column\">\n\t\t\t<div class=\"elementor-widget-wrap elementor-element-populated\">\n\t\t\t\t\t\t<div class=\"elementor-element elementor-element-d22a8f7 img_transp elementor-invisible elementor-widget elementor-widget-image\" data-id=\"d22a8f7\" data-element_type=\"widget\" data-settings=\"{&quot;_animation&quot;:&quot;fadeInRight&quot;,&quot;_animation_mobile&quot;:&quot;none&quot;}\" data-widget_type=\"image.default\">\n\t\t\t\t<div class=\"elementor-widget-container\">\n\t\t\t\t\t\t\t\t\t\t\t\t\t\t\t<img decoding=\"async\" width=\"800\" height=\"833\" src=\"https:\/\/www.grandepermacultura.com\/wp-content\/uploads\/2023\/07\/implementacion_deseno_ecoaldeas.jpg\" class=\"attachment-large size-large wp-image-610\" alt=\"\" srcset=\"https:\/\/www.grandepermacultura.com\/wp-content\/uploads\/2023\/07\/implementacion_deseno_ecoaldeas.jpg 882w, https:\/\/www.grandepermacultura.com\/wp-content\/uploads\/2023\/07\/implementacion_deseno_ecoaldeas-288x300.jpg 288w, https:\/\/www.grandepermacultura.com\/wp-content\/uploads\/2023\/07\/implementacion_deseno_ecoaldeas-768x799.jpg 768w\" sizes=\"(max-width: 800px) 100vw, 800px\" \/>\t\t\t\t\t\t\t\t\t\t\t\t\t\t\t<\/div>\n\t\t\t\t<\/div>\n\t\t\t\t<section class=\"elementor-section elementor-inner-section elementor-element elementor-element-51dd0f5 elementor-section-boxed elementor-section-height-default elementor-section-height-default\" data-id=\"51dd0f5\" data-element_type=\"section\">\n\t\t\t\t\t\t<div class=\"elementor-container elementor-column-gap-default\">\n\t\t\t\t\t<div class=\"elementor-column elementor-col-100 elementor-inner-column elementor-element elementor-element-cbd00ff\" data-id=\"cbd00ff\" data-element_type=\"column\">\n\t\t\t<div class=\"elementor-widget-wrap elementor-element-populated\">\n\t\t\t\t\t\t<div class=\"elementor-element elementor-element-e6b7ea0 elementor-widget elementor-widget-heading\" data-id=\"e6b7ea0\" data-element_type=\"widget\" data-widget_type=\"heading.default\">\n\t\t\t\t<div class=\"elementor-widget-container\">\n\t\t\t\t\t<h2 class=\"elementor-heading-title elementor-size-large\">dise\u00f1o de ecoaldeas<\/h2>\t\t\t\t<\/div>\n\t\t\t\t<\/div>\n\t\t\t\t<div class=\"elementor-element elementor-element-3778e4c elementor-widget elementor-widget-text-editor\" data-id=\"3778e4c\" data-element_type=\"widget\" data-widget_type=\"text-editor.default\">\n\t\t\t\t<div class=\"elementor-widget-container\">\n\t\t\t\t\t\t\t\t\t<p>Proyectos de planificaci\u00f3n integral para la creaci\u00f3n de espacios donde los seres humanos puedan desarrollar modelos de vida colectiva cubriendo sus necesidades b\u00e1sicas de forma m\u00e1s autosuficiente y ecol\u00f3gica.<\/p><p>Para el desarrollo hol\u00edstico de estos proyectos se trabaja sobre las esferas: ecol\u00f3gica, econ\u00f3mica, social y visi\u00f3n del mundo. Abordando factores esenciales como la producci\u00f3n org\u00e1nica de alimentos, bioconstrucci\u00f3n, autogesti\u00f3n energ\u00e9tica, herramientas de econom\u00eda social, mejora de la vida comunitaria y bienestar integral de todos los habitantes.<\/p><p>Esta perspectiva de dise\u00f1o es aplicable tambi\u00e9n a experiencias de co-housing, ecobarrios, urbanizaciones y cualquier otra experiencia en la que m\u00e1s de una persona o n\u00facleo familiar pretendan convivir en armon\u00eda con la naturaleza.<\/p>\t\t\t\t\t\t\t\t<\/div>\n\t\t\t\t<\/div>\n\t\t\t\t\t<\/div>\n\t\t<\/div>\n\t\t\t\t\t<\/div>\n\t\t<\/section>\n\t\t\t\t\t<\/div>\n\t\t<\/div>\n\t\t\t\t\t<\/div>\n\t\t<\/section>\n\t\t\t\t<section class=\"elementor-section elementor-top-section elementor-element elementor-element-4d683a4 elementor-section-stretched elementor-section-full_width elementor-section-height-default elementor-section-height-default\" data-id=\"4d683a4\" data-element_type=\"section\" data-settings=\"{&quot;stretch_section&quot;:&quot;section-stretched&quot;}\">\n\t\t\t\t\t\t<div class=\"elementor-container elementor-column-gap-wide\">\n\t\t\t\t\t<div class=\"elementor-column elementor-col-100 elementor-top-column elementor-element elementor-element-ddc1147\" data-id=\"ddc1147\" data-element_type=\"column\">\n\t\t\t<div class=\"elementor-widget-wrap elementor-element-populated\">\n\t\t\t\t\t\t<div class=\"elementor-element elementor-element-e4810d6 elementor-widget elementor-widget-text-editor\" data-id=\"e4810d6\" data-element_type=\"widget\" data-widget_type=\"text-editor.default\">\n\t\t\t\t<div class=\"elementor-widget-container\">\n\t\t\t\t\t\t\t\t\t<div class=\"bloque_titular\">\n<div class=\"linea_verde\"><\/div>\n<div class=\"content\">\n<h2>DISE\u00d1O H\u00cdDRICO<\/h2>\n<\/div>\n<div class=\"linea_verde\"><\/div>\n<\/div>\t\t\t\t\t\t\t\t<\/div>\n\t\t\t\t<\/div>\n\t\t\t\t\t<\/div>\n\t\t<\/div>\n\t\t\t\t\t<\/div>\n\t\t<\/section>\n\t\t\t\t<section class=\"elementor-section elementor-top-section elementor-element elementor-element-9a1cf6e elementor-section-boxed elementor-section-height-default elementor-section-height-default\" data-id=\"9a1cf6e\" data-element_type=\"section\">\n\t\t\t\t\t\t\t<div class=\"elementor-background-overlay\"><\/div>\n\t\t\t\t\t\t\t<div class=\"elementor-container elementor-column-gap-custom\">\n\t\t\t\t\t<div class=\"elementor-column elementor-col-50 elementor-top-column elementor-element elementor-element-b12c2ea\" data-id=\"b12c2ea\" data-element_type=\"column\">\n\t\t\t<div class=\"elementor-widget-wrap elementor-element-populated\">\n\t\t\t\t\t\t<div class=\"elementor-element elementor-element-a02f328 elementor-widget elementor-widget-text-editor\" data-id=\"a02f328\" data-element_type=\"widget\" data-widget_type=\"text-editor.default\">\n\t\t\t\t<div class=\"elementor-widget-container\">\n\t\t\t\t\t\t\t\t\t<p>Realizo dise\u00f1os t\u00e9cnicos para biopiscinas, estanques y otros cuerpos de agua, as\u00ed como sistemas de depuraci\u00f3n biol\u00f3gica de aguas residuales y sistemas de captaci\u00f3n, almacenamiento y reaprovechamiento de agua de lluvia.<\/p><p>El uso de los principios y estrategias de la permacultura para abordar el dise\u00f1o de estos elementos de agua nos permite multiplicar sus beneficios a nivel ecol\u00f3gico, productivo, paisaj\u00edstico y de bienestar. Siendo los objetivos principales para estos dise\u00f1os la gesti\u00f3n sustentable de los recursos h\u00eddricos, ahorro econ\u00f3mico frente a sistemas convencionales, integraci\u00f3n en el entorno y el apoyo a la biodiversidad del lugar.<\/p>\t\t\t\t\t\t\t\t<\/div>\n\t\t\t\t<\/div>\n\t\t\t\t<div class=\"elementor-element elementor-element-566083c elementor-widget elementor-widget-heading\" data-id=\"566083c\" data-element_type=\"widget\" data-widget_type=\"heading.default\">\n\t\t\t\t<div class=\"elementor-widget-container\">\n\t\t\t\t\t<h2 class=\"elementor-heading-title elementor-size-large\">biopiscinas y estanques<\/h2>\t\t\t\t<\/div>\n\t\t\t\t<\/div>\n\t\t\t\t<div class=\"elementor-element elementor-element-c14b5f5 elementor-widget elementor-widget-text-editor\" data-id=\"c14b5f5\" data-element_type=\"widget\" data-widget_type=\"text-editor.default\">\n\t\t\t\t<div class=\"elementor-widget-container\">\n\t\t\t\t\t\t\t\t\t<p>Las biopiscinas, al igual que una piscina convencional, son espacios para el uso recreativo de las personas, pero en los que el tratamiento del agua se realiza exclusivamente a trav\u00e9s de procesos biol\u00f3gicos. Para esto dise\u00f1amos estos sistemas atendiendo a diferentes componentes t\u00e9cnicos de bombeo y recirculaci\u00f3n en cooperaci\u00f3n con elementos org\u00e1nicos como sustratos y plantas, las cuales realizan las funciones de depuraci\u00f3n del agua.<\/p><p>El dise\u00f1o de una biopiscina pueden seguir modelos m\u00e1s arquitect\u00f3nicos acordes con la tipolog\u00eda constructiva del lugar o modelos m\u00e1s paisaj\u00edsticos que se integren en el entorno como un peque\u00f1o lago de aspecto natural. En todos los casos estaremos hablando de espacios de ba\u00f1o con agua viva, limpia y cristalina, libre de qu\u00edmicos y con numerosos beneficios para la salud de las personas y del entorno.<\/p><p>Bajo los mismos par\u00e1metros t\u00e9cnico-biol\u00f3gicos realizo proyectos para el dise\u00f1o de estanques, cascadas, arroyos y jardines acu\u00e1ticos. Estos elementos de agua pueden ser un excelente complemento paisaj\u00edstico para nuestro lugar, pero adem\u00e1s nos ofrecen muchos otros servicios como apoyo a la biodiversidad y aumento de la polinizaci\u00f3n, regulaci\u00f3n del clima, espacios de aprendizaje o incluso oportunidades para la acuicultura vegetal y animal.<\/p><p>En general podemos decir que en cualquier espacio natural o productivo que se precie deber\u00edamos contar con al menos un cuerpo de agua, ya sea biopiscina, estanque o cualquier otro..<\/p>\t\t\t\t\t\t\t\t<\/div>\n\t\t\t\t<\/div>\n\t\t\t\t<div class=\"elementor-element elementor-element-66b1ead elementor-invisible elementor-widget elementor-widget-image\" data-id=\"66b1ead\" data-element_type=\"widget\" data-settings=\"{&quot;_animation&quot;:&quot;fadeIn&quot;,&quot;_animation_mobile&quot;:&quot;none&quot;}\" data-widget_type=\"image.default\">\n\t\t\t\t<div class=\"elementor-widget-container\">\n\t\t\t\t\t\t\t\t\t\t\t\t\t\t\t<img loading=\"lazy\" decoding=\"async\" width=\"800\" height=\"395\" src=\"https:\/\/www.grandepermacultura.com\/wp-content\/uploads\/2023\/07\/fitodepuracion-1024x506.jpg\" class=\"attachment-large size-large wp-image-401\" alt=\"\" srcset=\"https:\/\/www.grandepermacultura.com\/wp-content\/uploads\/2023\/07\/fitodepuracion-1024x506.jpg 1024w, https:\/\/www.grandepermacultura.com\/wp-content\/uploads\/2023\/07\/fitodepuracion-300x148.jpg 300w, https:\/\/www.grandepermacultura.com\/wp-content\/uploads\/2023\/07\/fitodepuracion-768x380.jpg 768w, https:\/\/www.grandepermacultura.com\/wp-content\/uploads\/2023\/07\/fitodepuracion.jpg 1307w\" sizes=\"(max-width: 800px) 100vw, 800px\" \/>\t\t\t\t\t\t\t\t\t\t\t\t\t\t\t<\/div>\n\t\t\t\t<\/div>\n\t\t\t\t\t<\/div>\n\t\t<\/div>\n\t\t\t\t<div class=\"elementor-column elementor-col-50 elementor-top-column elementor-element elementor-element-65b345c\" data-id=\"65b345c\" data-element_type=\"column\" data-settings=\"{&quot;background_background&quot;:&quot;classic&quot;}\">\n\t\t\t<div class=\"elementor-widget-wrap elementor-element-populated\">\n\t\t\t\t\t\t<div class=\"elementor-element elementor-element-4009d24 elementor-invisible elementor-widget elementor-widget-image\" data-id=\"4009d24\" data-element_type=\"widget\" data-settings=\"{&quot;_animation&quot;:&quot;fadeIn&quot;,&quot;_animation_mobile&quot;:&quot;none&quot;}\" data-widget_type=\"image.default\">\n\t\t\t\t<div class=\"elementor-widget-container\">\n\t\t\t\t\t\t\t\t\t\t\t\t\t\t\t<img loading=\"lazy\" decoding=\"async\" width=\"800\" height=\"600\" src=\"https:\/\/www.grandepermacultura.com\/wp-content\/uploads\/2023\/07\/biopiscinas-y-estanques-permacultura-1024x768.jpg\" class=\"attachment-large size-large wp-image-399\" alt=\"\" srcset=\"https:\/\/www.grandepermacultura.com\/wp-content\/uploads\/2023\/07\/biopiscinas-y-estanques-permacultura-1024x768.jpg 1024w, https:\/\/www.grandepermacultura.com\/wp-content\/uploads\/2023\/07\/biopiscinas-y-estanques-permacultura-300x225.jpg 300w, https:\/\/www.grandepermacultura.com\/wp-content\/uploads\/2023\/07\/biopiscinas-y-estanques-permacultura-768x576.jpg 768w, https:\/\/www.grandepermacultura.com\/wp-content\/uploads\/2023\/07\/biopiscinas-y-estanques-permacultura.jpg 1296w\" sizes=\"(max-width: 800px) 100vw, 800px\" \/>\t\t\t\t\t\t\t\t\t\t\t\t\t\t\t<\/div>\n\t\t\t\t<\/div>\n\t\t\t\t<div class=\"elementor-element elementor-element-c57b2c2 elementor-widget elementor-widget-heading\" data-id=\"c57b2c2\" data-element_type=\"widget\" data-widget_type=\"heading.default\">\n\t\t\t\t<div class=\"elementor-widget-container\">\n\t\t\t\t\t<h2 class=\"elementor-heading-title elementor-size-large\">fitodepuraci\u00f3n<\/h2>\t\t\t\t<\/div>\n\t\t\t\t<\/div>\n\t\t\t\t<div class=\"elementor-element elementor-element-648dad3 elementor-widget elementor-widget-text-editor\" data-id=\"648dad3\" data-element_type=\"widget\" data-widget_type=\"text-editor.default\">\n\t\t\t\t<div class=\"elementor-widget-container\">\n\t\t\t\t\t\t\t\t\t<p>Realizo dise\u00f1os para la fitodepuraci\u00f3n de aguas residuales grises y negras a peque\u00f1a escala, enfocados tanto a viviendas familiares como proyectos de ecolog\u00eda o espacios de turismo.<\/p>\n<p>Estos sistemas, dise\u00f1ados generalmente bajo el esquema de flujo sub-superficial horizontal representan una alternativa eficiente y ecol\u00f3gica para la \u00f3ptima gesti\u00f3n de este tipo de residuos, asegurando unos elevados est\u00e1ndares de depuraci\u00f3n, m\u00e1xima integraci\u00f3n en el paisaje y una soluci\u00f3n econ\u00f3mica y sustentable.<\/p>\t\t\t\t\t\t\t\t<\/div>\n\t\t\t\t<\/div>\n\t\t\t\t<div class=\"elementor-element elementor-element-fa88eaf elementor-widget elementor-widget-heading\" data-id=\"fa88eaf\" data-element_type=\"widget\" data-widget_type=\"heading.default\">\n\t\t\t\t<div class=\"elementor-widget-container\">\n\t\t\t\t\t<h2 class=\"elementor-heading-title elementor-size-large\">Recuperaci\u00f3n de pluviales<\/h2>\t\t\t\t<\/div>\n\t\t\t\t<\/div>\n\t\t\t\t<div class=\"elementor-element elementor-element-06b14f6 elementor-widget elementor-widget-text-editor\" data-id=\"06b14f6\" data-element_type=\"widget\" data-widget_type=\"text-editor.default\">\n\t\t\t\t<div class=\"elementor-widget-container\">\n\t\t\t\t\t\t\t\t\t<p>La captaci\u00f3n, almacenamiento y el uso posterior del agua de lluvia es un recurso cada vez m\u00e1s esencial para la sostenibilidad de cualquier espacio de h\u00e1bitat.<\/p><p>La instalaci\u00f3n de estos sistemas nos ofrecen autonom\u00eda, econom\u00eda y salubridad frente al uso de aguas de pozo o de red municipal, representando tambi\u00e9n una herramienta de resiliencia ante cortes, restricciones y focos de contaminaci\u00f3n.<\/p><p>Realizo los dise\u00f1os y la elecci\u00f3n de los sistemas de almacenamiento m\u00e1s adecuados a partir del c\u00e1lculo de la capacidad de captaci\u00f3n del lugar en relaci\u00f3n la futura demanda de agua, tanto para usos en jardiner\u00eda como para usos dom\u00e9sticos, asegurando la disponibilidad de agua y la efectividad de las instalaciones.<\/p><p>\u00a0<\/p>\t\t\t\t\t\t\t\t<\/div>\n\t\t\t\t<\/div>\n\t\t\t\t\t<\/div>\n\t\t<\/div>\n\t\t\t\t\t<\/div>\n\t\t<\/section>\n\t\t\t\t<\/div>\n\t\t","protected":false},"excerpt":{"rendered":"<p>Servicios DE DISE\u00d1O El dise\u00f1o ecol\u00f3gico y de h\u00e1bitats humanos sustentables se ha convertido en una herramienta imprescindible para encarar las emergencias clim\u00e1tica, energ\u00e9tica, econ\u00f3mica y social que vivimos en la actualidad. Ayud\u00e1ndonos a desarrollar nuestras vidas y cubrir nuestras necesidades a trav\u00e9s de modelos m\u00e1s eficientes, creativos y respetuosos con el entorno. A\u00f1os de [&hellip;]<\/p>\n","protected":false},"author":1,"featured_media":0,"parent":0,"menu_order":0,"comment_status":"closed","ping_status":"closed","template":"elementor_header_footer","meta":{"footnotes":""},"class_list":["post-377","page","type-page","status-publish","hentry"],"_links":{"self":[{"href":"https:\/\/www.grandepermacultura.com\/es\/wp-json\/wp\/v2\/pages\/377","targetHints":{"allow":["GET"]}}],"collection":[{"href":"https:\/\/www.grandepermacultura.com\/es\/wp-json\/wp\/v2\/pages"}],"about":[{"href":"https:\/\/www.grandepermacultura.com\/es\/wp-json\/wp\/v2\/types\/page"}],"author":[{"embeddable":true,"href":"https:\/\/www.grandepermacultura.com\/es\/wp-json\/wp\/v2\/users\/1"}],"replies":[{"embeddable":true,"href":"https:\/\/www.grandepermacultura.com\/es\/wp-json\/wp\/v2\/comments?post=377"}],"version-history":[{"count":102,"href":"https:\/\/www.grandepermacultura.com\/es\/wp-json\/wp\/v2\/pages\/377\/revisions"}],"predecessor-version":[{"id":1672,"href":"https:\/\/www.grandepermacultura.com\/es\/wp-json\/wp\/v2\/pages\/377\/revisions\/1672"}],"wp:attachment":[{"href":"https:\/\/www.grandepermacultura.com\/es\/wp-json\/wp\/v2\/media?parent=377"}],"curies":[{"name":"wp","href":"https:\/\/api.w.org\/{rel}","templated":true}]}}