{"id":491,"date":"2023-07-11T15:13:36","date_gmt":"2023-07-11T15:13:36","guid":{"rendered":"https:\/\/www.grandepermacultura.com\/?page_id=491"},"modified":"2023-07-27T14:03:27","modified_gmt":"2023-07-27T14:03:27","slug":"sobre-mi","status":"publish","type":"page","link":"https:\/\/www.grandepermacultura.com\/es\/sobre-mi\/","title":{"rendered":"Sobre mi"},"content":{"rendered":"\t\t<div data-elementor-type=\"wp-page\" data-elementor-id=\"491\" class=\"elementor elementor-491\" data-elementor-post-type=\"page\">\n\t\t\t\t\t\t<section class=\"elementor-section elementor-top-section elementor-element elementor-element-30115c6 elementor-section-boxed elementor-section-height-default elementor-section-height-default\" data-id=\"30115c6\" data-element_type=\"section\" data-settings=\"{&quot;background_background&quot;:&quot;classic&quot;}\">\n\t\t\t\t\t\t\t<div class=\"elementor-background-overlay\"><\/div>\n\t\t\t\t\t\t\t<div class=\"elementor-container elementor-column-gap-custom\">\n\t\t\t\t\t<div class=\"elementor-column elementor-col-50 elementor-top-column elementor-element elementor-element-2b416ee\" data-id=\"2b416ee\" data-element_type=\"column\">\n\t\t\t<div class=\"elementor-widget-wrap elementor-element-populated\">\n\t\t\t\t\t\t<div class=\"elementor-element elementor-element-2fbe62f elementor-widget elementor-widget-heading\" data-id=\"2fbe62f\" data-element_type=\"widget\" data-widget_type=\"heading.default\">\n\t\t\t\t<div class=\"elementor-widget-container\">\n\t\t\t\t\t<h1 class=\"elementor-heading-title elementor-size-large\">Alexandre Grande Babarro<\/h1>\t\t\t\t<\/div>\n\t\t\t\t<\/div>\n\t\t\t\t<div class=\"elementor-element elementor-element-630c84a elementor-invisible elementor-widget elementor-widget-image\" data-id=\"630c84a\" data-element_type=\"widget\" data-settings=\"{&quot;_animation&quot;:&quot;fadeIn&quot;,&quot;_animation_mobile&quot;:&quot;none&quot;,&quot;_animation_delay&quot;:0}\" data-widget_type=\"image.default\">\n\t\t\t\t<div class=\"elementor-widget-container\">\n\t\t\t\t\t\t\t\t\t\t\t\t\t\t\t<img fetchpriority=\"high\" decoding=\"async\" width=\"800\" height=\"668\" src=\"https:\/\/www.grandepermacultura.com\/wp-content\/uploads\/2023\/07\/alexandre_grande_babarro_permacultura-1024x855.jpg\" class=\"attachment-large size-large wp-image-509\" alt=\"\" srcset=\"https:\/\/www.grandepermacultura.com\/wp-content\/uploads\/2023\/07\/alexandre_grande_babarro_permacultura-1024x855.jpg 1024w, https:\/\/www.grandepermacultura.com\/wp-content\/uploads\/2023\/07\/alexandre_grande_babarro_permacultura-300x250.jpg 300w, https:\/\/www.grandepermacultura.com\/wp-content\/uploads\/2023\/07\/alexandre_grande_babarro_permacultura-768x641.jpg 768w, https:\/\/www.grandepermacultura.com\/wp-content\/uploads\/2023\/07\/alexandre_grande_babarro_permacultura-1536x1283.jpg 1536w, https:\/\/www.grandepermacultura.com\/wp-content\/uploads\/2023\/07\/alexandre_grande_babarro_permacultura.jpg 1945w\" sizes=\"(max-width: 800px) 100vw, 800px\" \/>\t\t\t\t\t\t\t\t\t\t\t\t\t\t\t<\/div>\n\t\t\t\t<\/div>\n\t\t\t\t<div class=\"elementor-element elementor-element-693a37c elementor-widget elementor-widget-text-editor\" data-id=\"693a37c\" data-element_type=\"widget\" data-widget_type=\"text-editor.default\">\n\t\t\t\t<div class=\"elementor-widget-container\">\n\t\t\t\t\t\t\t\t\t<p>Desarrollo durante m\u00e1s de 10 a\u00f1os una intensa y comprometida experiencia pr\u00e1ctica aplicando la permacultura en diversas bioregiones de Chile, Argentina, Bolivia, Colombia, Italia, Islas del Caribe, Marruecos, Portugal y Espa\u00f1a.<\/p><p>Convivo y colaboro en estos lugares con proyectos de ecolog\u00eda, permacultura, ecoescuelas, ecoaldeas, villas en transici\u00f3n y comunidades locales, aprendiendo a usar las estrategias de la permacultura en infinidad de climas, suelos, ecosistemas y contextos socio-culturales. <\/p><p>Sumo a esta experiencia un constante proceso de formaci\u00f3n en dise\u00f1o de permacultura, dise\u00f1o de ecoaldeas, aprendizaje transformativo, metodolog\u00edas de proyectos y otros campos de la ecolog\u00eda y el dise\u00f1o eco-social, en instituciones como el Instituto Chileno de Permacultura, Gaia Education, Instituto N\u00e1 Lu\u00b4um o Gaia University. <\/p><p>Centro actualmente mi actividad profesional en la difusi\u00f3n, la formaci\u00f3n, el dise\u00f1o y la implementaci\u00f3n para proyectos de permacultura en diferentes regiones del territorio espa\u00f1ol, trabajando para particulares, empresas, instituciones y centros educativos.<\/p>\t\t\t\t\t\t\t\t<\/div>\n\t\t\t\t<\/div>\n\t\t\t\t<div class=\"elementor-element elementor-element-bec7cf9 elementor-icon-list--layout-inline elementor-align-start descarga_cv elementor-list-item-link-full_width elementor-invisible elementor-widget elementor-widget-icon-list\" data-id=\"bec7cf9\" data-element_type=\"widget\" data-settings=\"{&quot;_animation&quot;:&quot;fadeInUp&quot;,&quot;_animation_mobile&quot;:&quot;none&quot;}\" data-widget_type=\"icon-list.default\">\n\t\t\t\t<div class=\"elementor-widget-container\">\n\t\t\t\t\t\t\t<ul class=\"elementor-icon-list-items elementor-inline-items\">\n\t\t\t\t\t\t\t<li class=\"elementor-icon-list-item elementor-inline-item\">\n\t\t\t\t\t\t\t\t\t\t\t<a href=\"#\">\n\n\t\t\t\t\t\t\t\t\t\t\t\t<span class=\"elementor-icon-list-icon\">\n\t\t\t\t\t\t\t<svg xmlns=\"http:\/\/www.w3.org\/2000\/svg\" viewBox=\"0 0 26.16 33.81\"><defs><style>.cls-1,.cls-2{fill:none;stroke:#000;stroke-linecap:round;stroke-miterlimit:10;stroke-width:1.6px;}.cls-2{fill-rule:evenodd;}<\/style><\/defs><title>Recurso 1<\/title><g id=\"Capa_2\" data-name=\"Capa 2\"><g id=\"Capa_1-2\" data-name=\"Capa 1\"><path d=\"M20.85,1.6a3.72,3.72,0,0,1,3.71,3.71V28.5a3.72,3.72,0,0,1-3.71,3.71H5.31A3.71,3.71,0,0,1,1.6,28.5V5.31A3.71,3.71,0,0,1,5.31,1.6H20.85m0-1.6H5.31A5.31,5.31,0,0,0,0,5.31V28.5a5.31,5.31,0,0,0,5.31,5.31H20.85a5.31,5.31,0,0,0,5.31-5.31V5.31A5.31,5.31,0,0,0,20.85,0Z\"><\/path><line class=\"cls-1\" x1=\"3.7\" y1=\"23.92\" x2=\"22.46\" y2=\"23.92\"><\/line><line class=\"cls-1\" x1=\"3.7\" y1=\"27.75\" x2=\"22.46\" y2=\"27.75\"><\/line><path class=\"cls-2\" d=\"M19.29,19.46a6.22,6.22,0,1,0-12.43,0Z\"><\/path><circle class=\"cls-1\" cx=\"13.08\" cy=\"9.4\" r=\"3.55\"><\/circle><\/g><\/g><\/svg>\t\t\t\t\t\t<\/span>\n\t\t\t\t\t\t\t\t\t\t<span class=\"elementor-icon-list-text\">Descarga mi CV completo aqu\u00ed<\/span>\n\t\t\t\t\t\t\t\t\t\t\t<\/a>\n\t\t\t\t\t\t\t\t\t<\/li>\n\t\t\t\t\t\t<\/ul>\n\t\t\t\t\t\t<\/div>\n\t\t\t\t<\/div>\n\t\t\t\t\t<\/div>\n\t\t<\/div>\n\t\t\t\t<div class=\"elementor-column elementor-col-50 elementor-top-column elementor-element elementor-element-06f791b\" data-id=\"06f791b\" data-element_type=\"column\" data-settings=\"{&quot;animation&quot;:&quot;none&quot;,&quot;animation_delay&quot;:1000}\">\n\t\t\t<div class=\"elementor-widget-wrap elementor-element-populated\">\n\t\t\t\t\t\t<div class=\"elementor-element elementor-element-0843f11 elementor-widget elementor-widget-heading\" data-id=\"0843f11\" data-element_type=\"widget\" data-widget_type=\"heading.default\">\n\t\t\t\t<div class=\"elementor-widget-container\">\n\t\t\t\t\t<h2 class=\"elementor-heading-title elementor-size-large\">experiencias en permacultura<\/h2>\t\t\t\t<\/div>\n\t\t\t\t<\/div>\n\t\t\t\t<div class=\"elementor-element elementor-element-6951639 elementor-widget elementor-widget-heading\" data-id=\"6951639\" data-element_type=\"widget\" data-widget_type=\"heading.default\">\n\t\t\t\t<div class=\"elementor-widget-container\">\n\t\t\t\t\t<h3 class=\"elementor-heading-title elementor-size-small\">proyectos y formaciones destacadas <\/h3>\t\t\t\t<\/div>\n\t\t\t\t<\/div>\n\t\t\t\t<div class=\"elementor-element elementor-element-dfc61aa elementor-widget__width-initial elementor-widget elementor-widget-html\" data-id=\"dfc61aa\" data-element_type=\"widget\" data-settings=\"{&quot;_animation_mobile&quot;:&quot;none&quot;}\" data-widget_type=\"html.default\">\n\t\t\t\t<div class=\"elementor-widget-container\">\n\t\t\t\t\t<!--- Non tocar-->\n<div class=\"container\">\n<div class=\"circle_inicio\"><\/div>\n<\/div>\n<!--Hasta aqu\u00ed-->\n\n<!--- Bloque a\u00f1o-->\n<div class=\"container\">\n<h2>2022\/<span class=\"h2_mini\">actualidad<\/span><\/h2>\n<div class=\"line\"><\/div>\n<ul>\n \t<li>DISE\u00d1O Y COORDINACI\u00d3N GENERAL DE ACTIVIDADES\nESPAZO PERMACULTURAL LUGAR DE REQUE\nVICEPRESIDENCIA DEPUTACI\u00d3N DE LUGO<\/li>\n \t\n<\/ul>\n<div class=\"circle\"><\/div>\n<\/div>\n<!--Hasta aqu\u00ed-->\n\n<!--- Bloque a\u00f1o-->\n<div class=\"container\">\n<h2>2021\/<span class=\"h2_mini\">2022<\/span><\/h2>\n<div class=\"line\"><\/div>\n<ul>\n \t<li>DIRECTOR Y PRESENTADOR\nPROYECTO DOCUMENTAL ONLINE\nPERMACULTURA NO REQUE<\/li>\n<\/ul>\n<div class=\"circle\"><\/div>\n<\/div>\n<!--Hasta aqu\u00ed-->\n\n\n<!--- Bloque a\u00f1o-->\n<div class=\"container\">\n<h2>2020<\/h2>\n<div class=\"line\"><\/div>\n<ul>\n \t<li> CERTIFICADO DE MAESTR\u00cdA EN COMPOSTAJE\nMITECO. <\/br>MINISTERIO DE TRANSICI\u00d3N ECOL\u00d3GICA\n<\/li>\n<\/ul>\n<div class=\"circle\"><\/div>\n<\/div>\n<!--Hasta aqu\u00ed-->\n\n<!--- Bloque a\u00f1o-->\n<div class=\"container\">\n<h2>2019<\/h2>\n<div class=\"line\"><\/div>\n<ul>\n \t<li>AUTOR DE LA OBRA\nPERMACULTURA UNHA CAIXA DE FERRAMENTAS PARA DESE\u00d1AR UN MUNDO MELLOR\nEDITORIAL CATRO VENTOS<\/li>\n<\/ul>\n<div class=\"circle\"><\/div>\n<\/div>\n<!--Hasta aqu\u00ed-->\n<!--- Bloque a\u00f1o-->\n<div class=\"container\">\n<h2>2018\/<span class=\"h2_mini\">2015<\/span><\/h2>\n<div class=\"line\"><\/div>\n<ul>\n \t<li>COORDINADOR GENERAL\nINSTITUTO DE PERMACULTURA NA\u00b4LU\u00b4UM \u00c1REA DE EUROPA<\/li>\n<\/ul>\n<div class=\"circle\"><\/div>\n<\/div>\n<!--Hasta aqu\u00ed-->\n<!--- Bloque a\u00f1o-->\n<div class=\"container\">\n<h2>2018\/<span class=\"h2_mini\">2014<\/span><\/h2>\n<div class=\"line\"><\/div>\n<ul>\n \t<li>COFUNDADOR\nCOORDINADOR Y FACILITADOR EN\nPROYECTO ECOLECTIVO<\/li>\n<\/ul>\n<div class=\"circle\"><\/div>\n<\/div>\n<!--Hasta aqu\u00ed-->\n\n<!--- Bloque a\u00f1o-->\n<div class=\"container\">\n<h2>2017\/<span class=\"h2_mini\">2015<\/span><\/h2>\n<div class=\"line\"><\/div>\n<ul>\n \t<li>CURSO DIPLOMADO EN DISE\u00d1O DE PERMACULTURA \nGAIA UNIVERSITY<\/li>\n<\/ul>\n<div class=\"circle\"><\/div>\n<\/div>\n<!--Hasta aqu\u00ed-->\n\n<!--- Bloque a\u00f1o-->\n<div class=\"container\">\n<h2>2016\/<span class=\"h2_mini\">2015<\/span><\/h2>\n<div class=\"line\"><\/div>\n<ul>\n \t<li>COORDINADOR GENERAL\n1\u00ba DIPLOMADO DE PERMACULTURA\nCOLOMBIA<\/li>\n<\/ul>\n<div class=\"circle\"><\/div>\n<\/div>\n<!--Hasta aqu\u00ed-->\n\n<!--- Bloque a\u00f1o-->\n<div class=\"container\">\n<h2>2015<\/h2>\n<div class=\"line\"><\/div>\n<ul>\n \t<li>T\u00c9CNICO PROFESIONAL\nJARDINER\u00cdA ACU\u00c1TICA, BIOPISCINAS Y FITODEPURACI\u00d3N\nFUNDACI\u00d3N SALES<\/li>\n<\/ul>\n<div class=\"circle\"><\/div>\n<\/div>\n<!--Hasta aqu\u00ed-->\n\n<!--- Bloque a\u00f1o-->\n<div class=\"container\">\n<h2>2014<\/h2>\n<div class=\"line\"><\/div>\n<ul>\n \t<li>CERTIFICADO NIVEL 1 METODOLOG\u00cdA DE PROYECTOS\nDRAGON DREAMING\nCHILE<\/li>\n<\/ul>\n<div class=\"circle\"><\/div>\n<\/div>\n<!--Hasta aqu\u00ed-->\n\n<!--- Bloque a\u00f1o-->\n<div class=\"container\">\n<h2>2014<\/h2>\n<div class=\"line\"><\/div>\n<ul>\n \t<li>CERTIFICADO EN DISE\u00d1O DE ECOALDEAS\nGAIA EDUCATION INTERNACIONAL<\/li>\n<\/ul>\n<div class=\"circle\"><\/div>\n<\/div>\n<!--Hasta aqu\u00ed-->\n\n<!--- Bloque a\u00f1o-->\n<div class=\"container\">\n<h2>2014<\/h2>\n<div class=\"line\"><\/div>\n<ul>\n \t<li>CERTIFICADO EN DISE\u00d1O DE PERMACULTURA\nINSTITUTO CHILENO DE PERMACULTURA\nECOESCUELA EL MANZANO<\/li>\n<\/ul>\n<div class=\"circle\"><\/div>\n<\/div>\n<!--Hasta aqu\u00ed-->\n\n<!--- Bloque a\u00f1o-->\n<div class=\"container\">\n<h2>2014\/<span class=\"h2_mini\">2013<\/span><\/h2>\n<div class=\"line\"><\/div>\n<ul>\n \t<li>RESIDENCIAS Y COLABORACIONES EN DIFERENTES PROYECTOS \nDE PERMACULTURA, ECOALDEAS Y COMUNIDADES  \nARGENTINA, CHILE, PERU Y BOLIVIA\n<\/li>\n \t\n<\/ul>\n<div class=\"circle\"><\/div>\n<\/div>\n<!--Hasta aqu\u00ed-->\n<!--- Bloque a\u00f1o-->\n<div class=\"container\">\n<h2>2013\/<span class=\"h2_mini\">2011<\/span><\/h2>\n<div class=\"line\"><\/div>\n<ul>\n \t<li>PRIMERAS EXPERIENCIAS DE CAMPO \nCON PERMACULTURA A NIVEL LOCAL\n\n<\/li>\n \t\n<\/ul>\n<div class=\"circle\"><\/div>\n<\/div>\n<!--Hasta aqu\u00ed-->\n\n\n<!--C\u00f3digo fade in-->\n  <script>\n    document.addEventListener(\"DOMContentLoaded\", function () {\n      const containers = document.querySelectorAll(\".container\");\n      let index = 0;\n\n      function fadeInNextContainer() {\n        if (index >= containers.length) return;\n\n        containers[index].style.opacity = \"1\";\n        index++;\n        setTimeout(fadeInNextContainer, 50); \/\/ Ajusta el tiempo en milisegundos entre la aparici\u00f3n de cada bloque\n      }\n\n      \/\/ Iniciar la secuencia al cargar la p\u00e1gina\n      fadeInNextContainer();\n    });\n  <\/script>\t\t\t\t<\/div>\n\t\t\t\t<\/div>\n\t\t\t\t\t<\/div>\n\t\t<\/div>\n\t\t\t\t\t<\/div>\n\t\t<\/section>\n\t\t\t\t<\/div>\n\t\t","protected":false},"excerpt":{"rendered":"<p>Alexandre Grande Babarro Desarrollo durante m\u00e1s de 10 a\u00f1os una intensa y comprometida experiencia pr\u00e1ctica aplicando la permacultura en diversas bioregiones de Chile, Argentina, Bolivia, Colombia, Italia, Islas del Caribe, Marruecos, Portugal y Espa\u00f1a. Convivo y colaboro en estos lugares con proyectos de ecolog\u00eda, permacultura, ecoescuelas, ecoaldeas, villas en transici\u00f3n y comunidades locales, aprendiendo a [&hellip;]<\/p>\n","protected":false},"author":1,"featured_media":0,"parent":0,"menu_order":0,"comment_status":"closed","ping_status":"closed","template":"elementor_header_footer","meta":{"footnotes":""},"class_list":["post-491","page","type-page","status-publish","hentry"],"_links":{"self":[{"href":"https:\/\/www.grandepermacultura.com\/es\/wp-json\/wp\/v2\/pages\/491","targetHints":{"allow":["GET"]}}],"collection":[{"href":"https:\/\/www.grandepermacultura.com\/es\/wp-json\/wp\/v2\/pages"}],"about":[{"href":"https:\/\/www.grandepermacultura.com\/es\/wp-json\/wp\/v2\/types\/page"}],"author":[{"embeddable":true,"href":"https:\/\/www.grandepermacultura.com\/es\/wp-json\/wp\/v2\/users\/1"}],"replies":[{"embeddable":true,"href":"https:\/\/www.grandepermacultura.com\/es\/wp-json\/wp\/v2\/comments?post=491"}],"version-history":[{"count":179,"href":"https:\/\/www.grandepermacultura.com\/es\/wp-json\/wp\/v2\/pages\/491\/revisions"}],"predecessor-version":[{"id":2056,"href":"https:\/\/www.grandepermacultura.com\/es\/wp-json\/wp\/v2\/pages\/491\/revisions\/2056"}],"wp:attachment":[{"href":"https:\/\/www.grandepermacultura.com\/es\/wp-json\/wp\/v2\/media?parent=491"}],"curies":[{"name":"wp","href":"https:\/\/api.w.org\/{rel}","templated":true}]}}