{"id":826,"date":"2023-07-13T10:50:05","date_gmt":"2023-07-13T10:50:05","guid":{"rendered":"https:\/\/www.grandepermacultura.com\/?page_id=826"},"modified":"2023-09-20T20:20:32","modified_gmt":"2023-09-20T20:20:32","slug":"servicios-asesoria","status":"publish","type":"page","link":"https:\/\/www.grandepermacultura.com\/es\/servicios-asesoria\/","title":{"rendered":"Servicios asesoria"},"content":{"rendered":"\t\t<div data-elementor-type=\"wp-page\" data-elementor-id=\"826\" class=\"elementor elementor-826\" data-elementor-post-type=\"page\">\n\t\t\t\t\t\t<section class=\"elementor-section elementor-top-section elementor-element elementor-element-30115c6 elementor-reverse-mobile elementor-section-boxed elementor-section-height-default elementor-section-height-default\" data-id=\"30115c6\" data-element_type=\"section\" data-settings=\"{&quot;background_background&quot;:&quot;classic&quot;}\">\n\t\t\t\t\t\t\t<div class=\"elementor-background-overlay\"><\/div>\n\t\t\t\t\t\t\t<div class=\"elementor-container elementor-column-gap-wider\">\n\t\t\t\t\t<div class=\"elementor-column elementor-col-50 elementor-top-column elementor-element elementor-element-2b416ee\" data-id=\"2b416ee\" data-element_type=\"column\">\n\t\t\t<div class=\"elementor-widget-wrap elementor-element-populated\">\n\t\t\t\t\t\t<div class=\"elementor-element elementor-element-2fbe62f elementor-widget elementor-widget-heading\" data-id=\"2fbe62f\" data-element_type=\"widget\" data-widget_type=\"heading.default\">\n\t\t\t\t<div class=\"elementor-widget-container\">\n\t\t\t\t\t<h1 class=\"elementor-heading-title elementor-size-default\">asesor\u00eda<\/h1>\t\t\t\t<\/div>\n\t\t\t\t<\/div>\n\t\t\t\t<div class=\"elementor-element elementor-element-693a37c elementor-widget elementor-widget-text-editor\" data-id=\"693a37c\" data-element_type=\"widget\" data-widget_type=\"text-editor.default\">\n\t\t\t\t<div class=\"elementor-widget-container\">\n\t\t\t\t\t\t\t\t\t<p>Si quieres desarrollar o ya est\u00e1s desarrollando tu propio proyecto familiar, comunitario, profesional o institucional, mi visi\u00f3n integral y conocimiento sobre los recursos y herramientas sustentables a nuestra disposici\u00f3n puede ser una gran ayuda para saber cuales deben ser los siguientes pasos.\u00a0<\/p><p>Una dilatada experiencia asesorando proyectos para diversos espacios inspirados en la permacultura me ha permitido realizar un apoyo profesional, basado tanto en peque\u00f1as consultas espor\u00e1dicas como acompa\u00f1amientos m\u00e1s integrales y regulares.\u00a0<\/p><p>Los objetivos principales suelen estar enfocados en, ayudar a materializar la visi\u00f3n de mis clientes, establecer l\u00edneas de tiempo y estrategias efectivas, realizar planes de viabilidad econ\u00f3mica y acercar las claves para un dise\u00f1o e implementaci\u00f3n realmente regenerativos y resilientes.<\/p>\t\t\t\t\t\t\t\t<\/div>\n\t\t\t\t<\/div>\n\t\t\t\t\t<\/div>\n\t\t<\/div>\n\t\t\t\t<div class=\"elementor-column elementor-col-50 elementor-top-column elementor-element elementor-element-bad639c\" data-id=\"bad639c\" data-element_type=\"column\" data-settings=\"{&quot;background_background&quot;:&quot;classic&quot;}\">\n\t\t\t<div class=\"elementor-widget-wrap elementor-element-populated\">\n\t\t\t\t\t\t<div class=\"elementor-element elementor-element-ed5c345 elementor-widget elementor-widget-image\" data-id=\"ed5c345\" data-element_type=\"widget\" data-widget_type=\"image.default\">\n\t\t\t\t<div class=\"elementor-widget-container\">\n\t\t\t\t\t\t\t\t\t\t\t\t\t\t\t<img fetchpriority=\"high\" decoding=\"async\" width=\"800\" height=\"630\" src=\"https:\/\/www.grandepermacultura.com\/wp-content\/uploads\/2023\/07\/asesoria-1024x807.jpg\" class=\"attachment-large size-large wp-image-839\" alt=\"\" srcset=\"https:\/\/www.grandepermacultura.com\/wp-content\/uploads\/2023\/07\/asesoria-1024x807.jpg 1024w, https:\/\/www.grandepermacultura.com\/wp-content\/uploads\/2023\/07\/asesoria-300x237.jpg 300w, https:\/\/www.grandepermacultura.com\/wp-content\/uploads\/2023\/07\/asesoria-768x606.jpg 768w, https:\/\/www.grandepermacultura.com\/wp-content\/uploads\/2023\/07\/asesoria.jpg 1362w\" sizes=\"(max-width: 800px) 100vw, 800px\" \/>\t\t\t\t\t\t\t\t\t\t\t\t\t\t\t<\/div>\n\t\t\t\t<\/div>\n\t\t\t\t\t<\/div>\n\t\t<\/div>\n\t\t\t\t\t<\/div>\n\t\t<\/section>\n\t\t\t\t<section class=\"elementor-section elementor-top-section elementor-element elementor-element-8458259 elementor-section-boxed elementor-section-height-default elementor-section-height-default\" data-id=\"8458259\" data-element_type=\"section\">\n\t\t\t\t\t\t<div class=\"elementor-container elementor-column-gap-default\">\n\t\t\t\t\t<div class=\"elementor-column elementor-col-100 elementor-top-column elementor-element elementor-element-844b26b\" data-id=\"844b26b\" data-element_type=\"column\">\n\t\t\t<div class=\"elementor-widget-wrap elementor-element-populated\">\n\t\t\t\t\t\t<div class=\"elementor-element elementor-element-556f2fa elementor-widget elementor-widget-text-editor\" data-id=\"556f2fa\" data-element_type=\"widget\" data-widget_type=\"text-editor.default\">\n\t\t\t\t<div class=\"elementor-widget-container\">\n\t\t\t\t\t\t\t\t\t<p>Ofrezco a trav\u00e9s de este servicio asesor\u00eda para:<\/p><p>Proyectos familiares como jardines o fincas, Comunidades intencionales y ecoaldeas, Espacios educativos, Instituciones p\u00fablicas<br \/>Empresas sostenibles o en transici\u00f3n, Fundaciones, Asociaciones y Organizaciones no gubernamentales<\/p>\t\t\t\t\t\t\t\t<\/div>\n\t\t\t\t<\/div>\n\t\t\t\t\t<\/div>\n\t\t<\/div>\n\t\t\t\t\t<\/div>\n\t\t<\/section>\n\t\t\t\t<section class=\"elementor-section elementor-top-section elementor-element elementor-element-ec1f28a elementor-section-boxed elementor-section-height-default elementor-section-height-default\" data-id=\"ec1f28a\" data-element_type=\"section\">\n\t\t\t\t\t\t<div class=\"elementor-container elementor-column-gap-wider\">\n\t\t\t\t\t<div class=\"elementor-column elementor-col-33 elementor-top-column elementor-element elementor-element-cf2b5c0\" data-id=\"cf2b5c0\" data-element_type=\"column\">\n\t\t\t<div class=\"elementor-widget-wrap elementor-element-populated\">\n\t\t\t\t\t\t<div class=\"elementor-element elementor-element-51d27d6 img_transp elementor-widget elementor-widget-image\" data-id=\"51d27d6\" data-element_type=\"widget\" data-widget_type=\"image.default\">\n\t\t\t\t<div class=\"elementor-widget-container\">\n\t\t\t\t\t\t\t\t\t\t\t\t\t\t\t<img decoding=\"async\" width=\"800\" height=\"833\" src=\"https:\/\/www.grandepermacultura.com\/wp-content\/uploads\/2023\/07\/asesoria_online_ecoloxia.jpg\" class=\"attachment-large size-large wp-image-1093\" alt=\"\" srcset=\"https:\/\/www.grandepermacultura.com\/wp-content\/uploads\/2023\/07\/asesoria_online_ecoloxia.jpg 882w, https:\/\/www.grandepermacultura.com\/wp-content\/uploads\/2023\/07\/asesoria_online_ecoloxia-288x300.jpg 288w, https:\/\/www.grandepermacultura.com\/wp-content\/uploads\/2023\/07\/asesoria_online_ecoloxia-768x799.jpg 768w\" sizes=\"(max-width: 800px) 100vw, 800px\" \/>\t\t\t\t\t\t\t\t\t\t\t\t\t\t\t<\/div>\n\t\t\t\t<\/div>\n\t\t\t\t<section class=\"elementor-section elementor-inner-section elementor-element elementor-element-78a652e elementor-section-boxed elementor-section-height-default elementor-section-height-default\" data-id=\"78a652e\" data-element_type=\"section\">\n\t\t\t\t\t\t<div class=\"elementor-container elementor-column-gap-default\">\n\t\t\t\t\t<div class=\"elementor-column elementor-col-100 elementor-inner-column elementor-element elementor-element-695ec95\" data-id=\"695ec95\" data-element_type=\"column\">\n\t\t\t<div class=\"elementor-widget-wrap elementor-element-populated\">\n\t\t\t\t\t\t<div class=\"elementor-element elementor-element-e55b8c2 elementor-widget elementor-widget-heading\" data-id=\"e55b8c2\" data-element_type=\"widget\" data-widget_type=\"heading.default\">\n\t\t\t\t<div class=\"elementor-widget-container\">\n\t\t\t\t\t<h2 class=\"elementor-heading-title elementor-size-default\">asesor\u00eda online<\/h2>\t\t\t\t<\/div>\n\t\t\t\t<\/div>\n\t\t\t\t<div class=\"elementor-element elementor-element-5c5d83a elementor-widget elementor-widget-text-editor\" data-id=\"5c5d83a\" data-element_type=\"widget\" data-widget_type=\"text-editor.default\">\n\t\t\t\t<div class=\"elementor-widget-container\">\n\t\t\t\t\t\t\t\t\t<p>Pensada para resolver necesidades concretas o realizar peque\u00f1as consultas que te ayuden a clarificar ideas, acertar en tus siguientes pasos y acercarte a tus objetivos.<\/p><p>Una asesor\u00eda puntual te ayudar\u00e1 a seguir adelante con tu proyecto personal, familiar o profesional gracias a la experiencia que puedo acercarte en diferentes \u00e1mbitos de la ecolog\u00eda, la permacultura y el dise\u00f1o sustentable.<\/p>\t\t\t\t\t\t\t\t<\/div>\n\t\t\t\t<\/div>\n\t\t\t\t\t<\/div>\n\t\t<\/div>\n\t\t\t\t\t<\/div>\n\t\t<\/section>\n\t\t\t\t\t<\/div>\n\t\t<\/div>\n\t\t\t\t<div class=\"elementor-column elementor-col-33 elementor-top-column elementor-element elementor-element-2a8819f\" data-id=\"2a8819f\" data-element_type=\"column\">\n\t\t\t<div class=\"elementor-widget-wrap elementor-element-populated\">\n\t\t\t\t\t\t<div class=\"elementor-element elementor-element-27382f5 img_transp elementor-widget elementor-widget-image\" data-id=\"27382f5\" data-element_type=\"widget\" data-widget_type=\"image.default\">\n\t\t\t\t<div class=\"elementor-widget-container\">\n\t\t\t\t\t\t\t\t\t\t\t\t\t\t\t<img decoding=\"async\" width=\"800\" height=\"833\" src=\"https:\/\/www.grandepermacultura.com\/wp-content\/uploads\/2023\/07\/asesoria_presencial_permacultura.jpg\" class=\"attachment-large size-large wp-image-1094\" alt=\"\" srcset=\"https:\/\/www.grandepermacultura.com\/wp-content\/uploads\/2023\/07\/asesoria_presencial_permacultura.jpg 882w, https:\/\/www.grandepermacultura.com\/wp-content\/uploads\/2023\/07\/asesoria_presencial_permacultura-288x300.jpg 288w, https:\/\/www.grandepermacultura.com\/wp-content\/uploads\/2023\/07\/asesoria_presencial_permacultura-768x799.jpg 768w\" sizes=\"(max-width: 800px) 100vw, 800px\" \/>\t\t\t\t\t\t\t\t\t\t\t\t\t\t\t<\/div>\n\t\t\t\t<\/div>\n\t\t\t\t<section class=\"elementor-section elementor-inner-section elementor-element elementor-element-90d66b5 elementor-section-boxed elementor-section-height-default elementor-section-height-default\" data-id=\"90d66b5\" data-element_type=\"section\">\n\t\t\t\t\t\t<div class=\"elementor-container elementor-column-gap-default\">\n\t\t\t\t\t<div class=\"elementor-column elementor-col-100 elementor-inner-column elementor-element elementor-element-2179d44\" data-id=\"2179d44\" data-element_type=\"column\">\n\t\t\t<div class=\"elementor-widget-wrap elementor-element-populated\">\n\t\t\t\t\t\t<div class=\"elementor-element elementor-element-10d34b0 elementor-widget elementor-widget-heading\" data-id=\"10d34b0\" data-element_type=\"widget\" data-widget_type=\"heading.default\">\n\t\t\t\t<div class=\"elementor-widget-container\">\n\t\t\t\t\t<h2 class=\"elementor-heading-title elementor-size-large\">asesor\u00eda presencial<\/h2>\t\t\t\t<\/div>\n\t\t\t\t<\/div>\n\t\t\t\t<div class=\"elementor-element elementor-element-5f74dc9 elementor-widget elementor-widget-text-editor\" data-id=\"5f74dc9\" data-element_type=\"widget\" data-widget_type=\"text-editor.default\">\n\t\t\t\t<div class=\"elementor-widget-container\">\n\t\t\t\t\t\t\t\t\t<p>Visito tu espacio para conocer tus ideas y necesidades, evaluando las posibilidades del lugar, viabilidad de los objetivos y oportunidades de dise\u00f1o y desarrollo de proyecto.<\/p><p>En una visita presencial tendremos la oportunidad de apoyarnos en mis conocimientos y experiencia para trabajar sobre las ideas que quieres desarrollar, llegando a soluciones que quiz\u00e1 no conozcas o no hab\u00edas pensado todav\u00eda.<\/p><p>\u00a0<\/p>\t\t\t\t\t\t\t\t<\/div>\n\t\t\t\t<\/div>\n\t\t\t\t\t<\/div>\n\t\t<\/div>\n\t\t\t\t\t<\/div>\n\t\t<\/section>\n\t\t\t\t\t<\/div>\n\t\t<\/div>\n\t\t\t\t<div class=\"elementor-column elementor-col-33 elementor-top-column elementor-element elementor-element-29ec10e\" data-id=\"29ec10e\" data-element_type=\"column\">\n\t\t\t<div class=\"elementor-widget-wrap elementor-element-populated\">\n\t\t\t\t\t\t<div class=\"elementor-element elementor-element-a7e721c img_transp elementor-widget elementor-widget-image\" data-id=\"a7e721c\" data-element_type=\"widget\" data-widget_type=\"image.default\">\n\t\t\t\t<div class=\"elementor-widget-container\">\n\t\t\t\t\t\t\t\t\t\t\t\t\t\t\t<img loading=\"lazy\" decoding=\"async\" width=\"800\" height=\"833\" src=\"https:\/\/www.grandepermacultura.com\/wp-content\/uploads\/2023\/07\/acompanamiento_proyectos_permacultura.jpg\" class=\"attachment-large size-large wp-image-1092\" alt=\"\" srcset=\"https:\/\/www.grandepermacultura.com\/wp-content\/uploads\/2023\/07\/acompanamiento_proyectos_permacultura.jpg 882w, https:\/\/www.grandepermacultura.com\/wp-content\/uploads\/2023\/07\/acompanamiento_proyectos_permacultura-288x300.jpg 288w, https:\/\/www.grandepermacultura.com\/wp-content\/uploads\/2023\/07\/acompanamiento_proyectos_permacultura-768x799.jpg 768w\" sizes=\"(max-width: 800px) 100vw, 800px\" \/>\t\t\t\t\t\t\t\t\t\t\t\t\t\t\t<\/div>\n\t\t\t\t<\/div>\n\t\t\t\t<section class=\"elementor-section elementor-inner-section elementor-element elementor-element-51dd0f5 elementor-section-boxed elementor-section-height-default elementor-section-height-default\" data-id=\"51dd0f5\" data-element_type=\"section\">\n\t\t\t\t\t\t<div class=\"elementor-container elementor-column-gap-default\">\n\t\t\t\t\t<div class=\"elementor-column elementor-col-100 elementor-inner-column elementor-element elementor-element-cbd00ff\" data-id=\"cbd00ff\" data-element_type=\"column\">\n\t\t\t<div class=\"elementor-widget-wrap elementor-element-populated\">\n\t\t\t\t\t\t<div class=\"elementor-element elementor-element-99b80c7 elementor-widget elementor-widget-heading\" data-id=\"99b80c7\" data-element_type=\"widget\" data-widget_type=\"heading.default\">\n\t\t\t\t<div class=\"elementor-widget-container\">\n\t\t\t\t\t<h2 class=\"elementor-heading-title elementor-size-large\">acompa\u00f1amiento de proyectos<\/h2>\t\t\t\t<\/div>\n\t\t\t\t<\/div>\n\t\t\t\t<div class=\"elementor-element elementor-element-3778e4c elementor-widget elementor-widget-text-editor\" data-id=\"3778e4c\" data-element_type=\"widget\" data-widget_type=\"text-editor.default\">\n\t\t\t\t<div class=\"elementor-widget-container\">\n\t\t\t\t\t\t\t\t\t<p>Podemos crear juntos un plan de seguimiento que cubra tus necesidades eventuales de asesoramiento y monitoreo durante la creaci\u00f3n y desarrollo de tus proyectos.<\/p><p>Trabajaremos con mi red de apoyo de profesionales que puedan apoyarnos en necesidades espec\u00edficas sobre temas de arquitectura, pedagog\u00eda, comunidad y otros muchos \u00e1mbitos ecosociales.<\/p>\t\t\t\t\t\t\t\t<\/div>\n\t\t\t\t<\/div>\n\t\t\t\t\t<\/div>\n\t\t<\/div>\n\t\t\t\t\t<\/div>\n\t\t<\/section>\n\t\t\t\t\t<\/div>\n\t\t<\/div>\n\t\t\t\t\t<\/div>\n\t\t<\/section>\n\t\t\t\t<section class=\"elementor-section elementor-top-section elementor-element elementor-element-3397726 elementor-section-boxed elementor-section-height-default elementor-section-height-default\" data-id=\"3397726\" data-element_type=\"section\">\n\t\t\t\t\t\t<div class=\"elementor-container elementor-column-gap-default\">\n\t\t\t\t\t<div class=\"elementor-column elementor-col-100 elementor-top-column elementor-element elementor-element-e73570e\" data-id=\"e73570e\" data-element_type=\"column\">\n\t\t\t<div class=\"elementor-widget-wrap elementor-element-populated\">\n\t\t\t\t\t\t<div class=\"elementor-element elementor-element-cc2f148 elementor-view-default elementor-widget elementor-widget-icon\" data-id=\"cc2f148\" data-element_type=\"widget\" data-widget_type=\"icon.default\">\n\t\t\t\t<div class=\"elementor-widget-container\">\n\t\t\t\t\t\t\t<div class=\"elementor-icon-wrapper\">\n\t\t\t<a class=\"elementor-icon\" href=\"#\">\n\t\t\t<svg xmlns=\"http:\/\/www.w3.org\/2000\/svg\" viewBox=\"0 0 72.48 72.07\"><title>Recurso 1<\/title><g id=\"Capa_2\" data-name=\"Capa 2\"><g id=\"Capa_1-2\" data-name=\"Capa 1\"><path d=\"M31.34,32.57c2-.53,3.89-.89,5.66-1.52.72-.26,1.24-1.09,1.83-1.68Q47.17,21,55.48,12.72c.09-.09.17-.2.32-.38-1.63-1.62-3.24-3.22-4.86-4.8-1.26-1.23-1.27-1.86,0-3.1S53.51,1.81,54.86.56A2.33,2.33,0,0,1,56.3,0a7.86,7.86,0,0,1,7.59,7.53c0,1.07-.52,1.77-1.43,1.8S61,8.77,61,7.69A5,5,0,0,0,57.32,3.1a1,1,0,0,0-1.16.28c-.83.86-1.7,1.67-2.74,2.69.83.75,1.61,1.41,2.34,2.12,1,1,2,2,3,3a1.52,1.52,0,0,1,0,2.47Q49,23.4,39.2,33.16a3.63,3.63,0,0,1-1.52.82c-2.43.66-4.88,1.25-7.32,1.87a5.59,5.59,0,0,1-.71.15,1.43,1.43,0,0,1-1.75-1.84c.68-2.84,1.4-5.67,2.14-8.5a2,2,0,0,1,.56-.87q4.11-4.14,8.26-8.27c0-.05.09-.13.25-.36h-1c-4.5,0-9,0-13.49,0a2,2,0,0,1-2-1.28c-1.43-2.94-2.92-5.85-4.47-9-.51,1-.95,1.82-1.38,2.67-1.1,2.2-2.19,4.41-3.29,6.61a1.6,1.6,0,0,1-1.56,1c-1.41,0-2.82,0-4.23,0A4.58,4.58,0,0,0,2.94,20.9q0,11.22,0,22.42A4.59,4.59,0,0,0,7.72,48c6.21,0,12.41,0,18.61,0H41.84a4.62,4.62,0,0,0,5-5q0-5,0-10.08a2.77,2.77,0,0,1,.15-1A1.34,1.34,0,0,1,48.47,31a1.37,1.37,0,0,1,1.26,1.1,3.5,3.5,0,0,1,.08.8c0,3.41,0,6.82,0,10.24A7.65,7.65,0,0,1,42,50.93c-5.12-.09-10.24,0-15.35,0h-.93c-.74,3.46,1.37,6.12,4.78,6.13,5.61,0,11.22,0,16.82,0a2.5,2.5,0,0,1,2.71,1.63c1.23,2.7,2.64,5.33,4,8,.08.16.19.31.34.57.75-1.48,1.46-2.87,2.16-4.27C57.37,61.31,58.2,59.66,59,58a1.51,1.51,0,0,1,1.47-.94h4.15a4.64,4.64,0,0,0,4.9-4.89v-22a4.61,4.61,0,0,0-4.94-4.92l-7.38,0a1.54,1.54,0,0,1-1.64-1.54A1.2,1.2,0,0,1,56.8,22.4c2.16,0,4.32,0,6.49-.07.76,0,1.51,0,2.27,0a7.35,7.35,0,0,1,6.87,7.06q.1,11.77,0,23.56a7.48,7.48,0,0,1-7.19,7c-1.08,0-2.17,0-3.25,0a.93.93,0,0,0-1,.63c-1.21,2.47-2.45,4.92-3.68,7.39-.51,1-1,2-1.51,3a1.58,1.58,0,0,1-1.43,1,1.51,1.51,0,0,1-1.44-1c-1.71-3.46-3.46-6.91-5.17-10.38A1.1,1.1,0,0,0,46.59,60c-5.33,0-10.67,0-16,0a7.55,7.55,0,0,1-7.93-7.9c0-.35,0-.7,0-1.18h-15A7.49,7.49,0,0,1,0,43.21V21a7.43,7.43,0,0,1,7.74-7.71c.9,0,1.79,0,2.68,0a1,1,0,0,0,1-.6c1.7-3.45,3.44-6.87,5.14-10.32a1.63,1.63,0,0,1,1.52-1.11,1.6,1.6,0,0,1,1.53,1.11c1.7,3.44,3.44,6.87,5.14,10.32a1,1,0,0,0,1,.6c5.26,0,10.51,0,15.76,0a1.73,1.73,0,0,0,1-.44c.84-.76,1.62-1.6,2.44-2.38a1.44,1.44,0,0,1,2.21-.06A1.48,1.48,0,0,1,47,12.51q-6.8,6.81-13.59,13.63a3.83,3.83,0,0,0-.89,1.57C32.11,29.24,31.77,30.79,31.34,32.57Z\"><\/path><path d=\"M15,33.89a2.23,2.23,0,0,1-4.46,0,2.2,2.2,0,0,1,2.28-2.23A2.25,2.25,0,0,1,15,33.89Z\"><\/path><path d=\"M23.57,33.88a2.18,2.18,0,0,1-2.21,2.2,2.23,2.23,0,1,1,.05-4.45A2.17,2.17,0,0,1,23.57,33.88Z\"><\/path><\/g><\/g><\/svg>\t\t\t<\/a>\n\t\t<\/div>\n\t\t\t\t\t\t<\/div>\n\t\t\t\t<\/div>\n\t\t\t\t<div class=\"elementor-element elementor-element-a1cd7bc elementor-widget-mobile__width-inherit elementor-widget elementor-widget-text-editor\" data-id=\"a1cd7bc\" data-element_type=\"widget\" data-widget_type=\"text-editor.default\">\n\t\t\t\t<div class=\"elementor-widget-container\">\n\t\t\t\t\t\t\t\t\t<p>Pincha <a href=\"#\">aqu\u00ed<\/a> si quieres descargar algunas de mis propuestas de asesor\u00eda y tarifas actualizadas<br>O ponte en contacto conmigo si quieres crear una plan de asesor\u00eda adaptado.<\/p>\t\t\t\t\t\t\t\t<\/div>\n\t\t\t\t<\/div>\n\t\t\t\t\t<\/div>\n\t\t<\/div>\n\t\t\t\t\t<\/div>\n\t\t<\/section>\n\t\t\t\t<\/div>\n\t\t","protected":false},"excerpt":{"rendered":"<p>asesor\u00eda Si quieres desarrollar o ya est\u00e1s desarrollando tu propio proyecto familiar, comunitario, profesional o institucional, mi visi\u00f3n integral y conocimiento sobre los recursos y herramientas sustentables a nuestra disposici\u00f3n puede ser una gran ayuda para saber cuales deben ser los siguientes pasos.\u00a0 Una dilatada experiencia asesorando proyectos para diversos espacios inspirados en la permacultura [&hellip;]<\/p>\n","protected":false},"author":1,"featured_media":0,"parent":0,"menu_order":0,"comment_status":"closed","ping_status":"closed","template":"elementor_header_footer","meta":{"footnotes":""},"class_list":["post-826","page","type-page","status-publish","hentry"],"_links":{"self":[{"href":"https:\/\/www.grandepermacultura.com\/es\/wp-json\/wp\/v2\/pages\/826","targetHints":{"allow":["GET"]}}],"collection":[{"href":"https:\/\/www.grandepermacultura.com\/es\/wp-json\/wp\/v2\/pages"}],"about":[{"href":"https:\/\/www.grandepermacultura.com\/es\/wp-json\/wp\/v2\/types\/page"}],"author":[{"embeddable":true,"href":"https:\/\/www.grandepermacultura.com\/es\/wp-json\/wp\/v2\/users\/1"}],"replies":[{"embeddable":true,"href":"https:\/\/www.grandepermacultura.com\/es\/wp-json\/wp\/v2\/comments?post=826"}],"version-history":[{"count":55,"href":"https:\/\/www.grandepermacultura.com\/es\/wp-json\/wp\/v2\/pages\/826\/revisions"}],"predecessor-version":[{"id":2142,"href":"https:\/\/www.grandepermacultura.com\/es\/wp-json\/wp\/v2\/pages\/826\/revisions\/2142"}],"wp:attachment":[{"href":"https:\/\/www.grandepermacultura.com\/es\/wp-json\/wp\/v2\/media?parent=826"}],"curies":[{"name":"wp","href":"https:\/\/api.w.org\/{rel}","templated":true}]}}