{"id":868,"date":"2023-07-13T19:40:56","date_gmt":"2023-07-13T19:40:56","guid":{"rendered":"https:\/\/www.grandepermacultura.com\/?page_id=868"},"modified":"2023-07-27T15:34:53","modified_gmt":"2023-07-27T15:34:53","slug":"formacion","status":"publish","type":"page","link":"https:\/\/www.grandepermacultura.com\/es\/formacion\/","title":{"rendered":"Servicios de formaci\u00f3n"},"content":{"rendered":"\t\t<div data-elementor-type=\"wp-page\" data-elementor-id=\"868\" class=\"elementor elementor-868\" data-elementor-post-type=\"page\">\n\t\t\t\t\t\t<section class=\"elementor-section elementor-top-section elementor-element elementor-element-30115c6 elementor-reverse-mobile elementor-section-boxed elementor-section-height-default elementor-section-height-default\" data-id=\"30115c6\" data-element_type=\"section\" data-settings=\"{&quot;background_background&quot;:&quot;classic&quot;}\">\n\t\t\t\t\t\t\t<div class=\"elementor-background-overlay\"><\/div>\n\t\t\t\t\t\t\t<div class=\"elementor-container elementor-column-gap-wider\">\n\t\t\t\t\t<div class=\"elementor-column elementor-col-50 elementor-top-column elementor-element elementor-element-2b416ee\" data-id=\"2b416ee\" data-element_type=\"column\">\n\t\t\t<div class=\"elementor-widget-wrap elementor-element-populated\">\n\t\t\t\t\t\t<div class=\"elementor-element elementor-element-2fbe62f elementor-widget elementor-widget-heading\" data-id=\"2fbe62f\" data-element_type=\"widget\" data-widget_type=\"heading.default\">\n\t\t\t\t<div class=\"elementor-widget-container\">\n\t\t\t\t\t<h1 class=\"elementor-heading-title elementor-size-default\">formaci\u00f3n<\/h1>\t\t\t\t<\/div>\n\t\t\t\t<\/div>\n\t\t\t\t<div class=\"elementor-element elementor-element-693a37c elementor-widget elementor-widget-text-editor\" data-id=\"693a37c\" data-element_type=\"widget\" data-widget_type=\"text-editor.default\">\n\t\t\t\t<div class=\"elementor-widget-container\">\n\t\t\t\t\t\t\t\t\t<p>La difusi\u00f3n de la permacultura y otros \u00e1mbitos regenerativos ha sido uno de los mayores compromisos de mi actividad profesional.<\/p><p>Colaborando como formador en diversas instituciones y proyectos educativos a nivel nacional e internacional, con la convicci\u00f3n de que la difusi\u00f3n de conocimiento y buenas pr\u00e1cticas es y ser\u00e1 una pieza clave para la regeneraci\u00f3n ecosocial.<\/p><p>Un amplio recorrido en el \u00e1mbito de la formaci\u00f3n me permite adaptarme a las necesidades espec\u00edficas de aprendizaje de grupos, personas y proyectos que deseen adquirir conocimientos y habilidades pr\u00e1cticas esenciales para crear un mundo m\u00e1s sustentable.<\/p><p>Ofrezco servicios de formaci\u00f3n y difusi\u00f3n como charlas, cursos y formaciones t\u00e9cnicas enfocadas en diversos campos de la sustentabilidad.<\/p>\t\t\t\t\t\t\t\t<\/div>\n\t\t\t\t<\/div>\n\t\t\t\t\t<\/div>\n\t\t<\/div>\n\t\t\t\t<div class=\"elementor-column elementor-col-50 elementor-top-column elementor-element elementor-element-bad639c\" data-id=\"bad639c\" data-element_type=\"column\" data-settings=\"{&quot;background_background&quot;:&quot;classic&quot;}\">\n\t\t\t<div class=\"elementor-widget-wrap elementor-element-populated\">\n\t\t\t\t\t\t<div class=\"elementor-element elementor-element-3dee3f1 elementor-widget elementor-widget-image\" data-id=\"3dee3f1\" data-element_type=\"widget\" data-widget_type=\"image.default\">\n\t\t\t\t<div class=\"elementor-widget-container\">\n\t\t\t\t\t\t\t\t\t\t\t\t\t\t\t<img fetchpriority=\"high\" decoding=\"async\" width=\"800\" height=\"723\" src=\"https:\/\/www.grandepermacultura.com\/wp-content\/uploads\/2023\/07\/alexandre_grande_formacion_permacultura-1024x925.jpg\" class=\"attachment-large size-large wp-image-882\" alt=\"\" srcset=\"https:\/\/www.grandepermacultura.com\/wp-content\/uploads\/2023\/07\/alexandre_grande_formacion_permacultura-1024x925.jpg 1024w, https:\/\/www.grandepermacultura.com\/wp-content\/uploads\/2023\/07\/alexandre_grande_formacion_permacultura-300x271.jpg 300w, https:\/\/www.grandepermacultura.com\/wp-content\/uploads\/2023\/07\/alexandre_grande_formacion_permacultura-768x694.jpg 768w, https:\/\/www.grandepermacultura.com\/wp-content\/uploads\/2023\/07\/alexandre_grande_formacion_permacultura.jpg 1362w\" sizes=\"(max-width: 800px) 100vw, 800px\" \/>\t\t\t\t\t\t\t\t\t\t\t\t\t\t\t<\/div>\n\t\t\t\t<\/div>\n\t\t\t\t\t<\/div>\n\t\t<\/div>\n\t\t\t\t\t<\/div>\n\t\t<\/section>\n\t\t\t\t<section class=\"elementor-section elementor-top-section elementor-element elementor-element-b3b91a1 elementor-section-boxed elementor-section-height-default elementor-section-height-default\" data-id=\"b3b91a1\" data-element_type=\"section\" data-settings=\"{&quot;background_background&quot;:&quot;classic&quot;}\">\n\t\t\t\t\t\t\t<div class=\"elementor-background-overlay\"><\/div>\n\t\t\t\t\t\t\t<div class=\"elementor-container elementor-column-gap-wider\">\n\t\t\t\t\t<div class=\"elementor-column elementor-col-50 elementor-top-column elementor-element elementor-element-057a4ee\" data-id=\"057a4ee\" data-element_type=\"column\" data-settings=\"{&quot;background_background&quot;:&quot;classic&quot;}\">\n\t\t\t<div class=\"elementor-widget-wrap elementor-element-populated\">\n\t\t\t\t\t\t<div class=\"elementor-element elementor-element-6b0736c elementor-widget elementor-widget-image\" data-id=\"6b0736c\" data-element_type=\"widget\" data-widget_type=\"image.default\">\n\t\t\t\t<div class=\"elementor-widget-container\">\n\t\t\t\t\t\t\t\t\t\t\t\t\t\t\t<img decoding=\"async\" width=\"800\" height=\"723\" src=\"https:\/\/www.grandepermacultura.com\/wp-content\/uploads\/2023\/07\/formacion_permacultura_grandepermacultura-1024x925.jpg\" class=\"attachment-large size-large wp-image-883\" alt=\"\" srcset=\"https:\/\/www.grandepermacultura.com\/wp-content\/uploads\/2023\/07\/formacion_permacultura_grandepermacultura-1024x925.jpg 1024w, https:\/\/www.grandepermacultura.com\/wp-content\/uploads\/2023\/07\/formacion_permacultura_grandepermacultura-300x271.jpg 300w, https:\/\/www.grandepermacultura.com\/wp-content\/uploads\/2023\/07\/formacion_permacultura_grandepermacultura-768x694.jpg 768w, https:\/\/www.grandepermacultura.com\/wp-content\/uploads\/2023\/07\/formacion_permacultura_grandepermacultura.jpg 1362w\" sizes=\"(max-width: 800px) 100vw, 800px\" \/>\t\t\t\t\t\t\t\t\t\t\t\t\t\t\t<\/div>\n\t\t\t\t<\/div>\n\t\t\t\t\t<\/div>\n\t\t<\/div>\n\t\t\t\t<div class=\"elementor-column elementor-col-50 elementor-top-column elementor-element elementor-element-bcd28f8\" data-id=\"bcd28f8\" data-element_type=\"column\">\n\t\t\t<div class=\"elementor-widget-wrap elementor-element-populated\">\n\t\t\t\t\t\t<div class=\"elementor-element elementor-element-fef55ae elementor-widget elementor-widget-heading\" data-id=\"fef55ae\" data-element_type=\"widget\" data-widget_type=\"heading.default\">\n\t\t\t\t<div class=\"elementor-widget-container\">\n\t\t\t\t\t<h2 class=\"elementor-heading-title elementor-size-default\">aprendizaje transformativo<\/h2>\t\t\t\t<\/div>\n\t\t\t\t<\/div>\n\t\t\t\t<div class=\"elementor-element elementor-element-79f9a6c elementor-widget elementor-widget-text-editor\" data-id=\"79f9a6c\" data-element_type=\"widget\" data-widget_type=\"text-editor.default\">\n\t\t\t\t<div class=\"elementor-widget-container\">\n\t\t\t\t\t\t\t\t\t<p>El aprendizaje trasformativo nos invita a desarrollar experiencias que mejoren significativamente nuestros modelos de pensamiento, sentimiento y acci\u00f3n cotidiana. Permiti\u00e9ndonos adquirir las herramientas necesarias para crear cambios realmente positivos en nosotros mismos y nuestro entorno local y global.<\/p><p>Esta visi\u00f3n me permite abordar cada proceso formativo como una excelente oportunidad para alcanzar m\u00faltiples objetivos, entre los que me gusta destacar.<\/p><p>. Establecer modelos de conocimiento que nos acerquen a la sabidur\u00eda.<\/p><p>. Adquirir herramientas pr\u00e1cticas que mejoren nuestra vida diaria.<\/p><p>. Crear comunidad, redes y alianzas entre participantes y proyectos.<\/p><p>. Desaprender lo innecesario para trabajar desde nuevos paradigmas.<\/p><p>. Promover experiencias de co-aprendizaje y dejar que la inteligencia colectiva nutra el proceso formativo.<\/p>\t\t\t\t\t\t\t\t<\/div>\n\t\t\t\t<\/div>\n\t\t\t\t\t<\/div>\n\t\t<\/div>\n\t\t\t\t\t<\/div>\n\t\t<\/section>\n\t\t\t\t<section class=\"elementor-section elementor-top-section elementor-element elementor-element-db5f4e0 elementor-section-boxed elementor-section-height-default elementor-section-height-default\" data-id=\"db5f4e0\" data-element_type=\"section\">\n\t\t\t\t\t\t<div class=\"elementor-container elementor-column-gap-wider\">\n\t\t\t\t\t<div class=\"elementor-column elementor-col-33 elementor-top-column elementor-element elementor-element-082f2da\" data-id=\"082f2da\" data-element_type=\"column\">\n\t\t\t<div class=\"elementor-widget-wrap elementor-element-populated\">\n\t\t\t\t\t\t<div class=\"elementor-element elementor-element-2bfbda1 img_transp elementor-widget elementor-widget-image\" data-id=\"2bfbda1\" data-element_type=\"widget\" data-widget_type=\"image.default\">\n\t\t\t\t<div class=\"elementor-widget-container\">\n\t\t\t\t\t\t\t\t\t\t\t\t\t\t\t<img decoding=\"async\" width=\"800\" height=\"833\" src=\"https:\/\/www.grandepermacultura.com\/wp-content\/uploads\/2023\/07\/asesoria_online.jpg\" class=\"attachment-large size-large wp-image-831\" alt=\"\" srcset=\"https:\/\/www.grandepermacultura.com\/wp-content\/uploads\/2023\/07\/asesoria_online.jpg 882w, https:\/\/www.grandepermacultura.com\/wp-content\/uploads\/2023\/07\/asesoria_online-288x300.jpg 288w, https:\/\/www.grandepermacultura.com\/wp-content\/uploads\/2023\/07\/asesoria_online-768x799.jpg 768w\" sizes=\"(max-width: 800px) 100vw, 800px\" \/>\t\t\t\t\t\t\t\t\t\t\t\t\t\t\t<\/div>\n\t\t\t\t<\/div>\n\t\t\t\t<section class=\"elementor-section elementor-inner-section elementor-element elementor-element-fa0ff73 elementor-section-boxed elementor-section-height-default elementor-section-height-default\" data-id=\"fa0ff73\" data-element_type=\"section\">\n\t\t\t\t\t\t<div class=\"elementor-container elementor-column-gap-default\">\n\t\t\t\t\t<div class=\"elementor-column elementor-col-100 elementor-inner-column elementor-element elementor-element-bd43c75\" data-id=\"bd43c75\" data-element_type=\"column\">\n\t\t\t<div class=\"elementor-widget-wrap elementor-element-populated\">\n\t\t\t\t\t\t<div class=\"elementor-element elementor-element-22141c3 elementor-widget elementor-widget-heading\" data-id=\"22141c3\" data-element_type=\"widget\" data-widget_type=\"heading.default\">\n\t\t\t\t<div class=\"elementor-widget-container\">\n\t\t\t\t\t<h2 class=\"elementor-heading-title elementor-size-default\">charlas<\/h2>\t\t\t\t<\/div>\n\t\t\t\t<\/div>\n\t\t\t\t<div class=\"elementor-element elementor-element-f7311ac elementor-widget elementor-widget-text-editor\" data-id=\"f7311ac\" data-element_type=\"widget\" data-widget_type=\"text-editor.default\">\n\t\t\t\t<div class=\"elementor-widget-container\">\n\t\t\t\t\t\t\t\t\t<p>Ofrezco charlas, conferencias y presentaciones de introducci\u00f3n a la permacultura, dise\u00f1o permacultural, permacultura y educaci\u00f3n, dise\u00f1o de ecoaldeas, autosuficiencia, sustentabilidad, proyectos de estanques y biopiscinas y gesti\u00f3n h\u00eddrica en permacultura.<\/p><p>El enfoque de cada intervenci\u00f3n puede adaptarse a m\u00faltiples espacios y perfiles, desde jornadas y foros hasta peque\u00f1os grupos p\u00fablicos o privados y desde principiantes hasta profesionales del mundo de la agricultura, forestal, arquitectura, activismo, educaci\u00f3n, etc.<\/p>\t\t\t\t\t\t\t\t<\/div>\n\t\t\t\t<\/div>\n\t\t\t\t\t<\/div>\n\t\t<\/div>\n\t\t\t\t\t<\/div>\n\t\t<\/section>\n\t\t\t\t\t<\/div>\n\t\t<\/div>\n\t\t\t\t<div class=\"elementor-column elementor-col-33 elementor-top-column elementor-element elementor-element-b00d87b\" data-id=\"b00d87b\" data-element_type=\"column\">\n\t\t\t<div class=\"elementor-widget-wrap elementor-element-populated\">\n\t\t\t\t\t\t<div class=\"elementor-element elementor-element-d58e915 img_transp elementor-widget elementor-widget-image\" data-id=\"d58e915\" data-element_type=\"widget\" data-widget_type=\"image.default\">\n\t\t\t\t<div class=\"elementor-widget-container\">\n\t\t\t\t\t\t\t\t\t\t\t\t\t\t\t<img loading=\"lazy\" decoding=\"async\" width=\"800\" height=\"833\" src=\"https:\/\/www.grandepermacultura.com\/wp-content\/uploads\/2023\/07\/asesoria_presencial.jpg\" class=\"attachment-large size-large wp-image-832\" alt=\"\" srcset=\"https:\/\/www.grandepermacultura.com\/wp-content\/uploads\/2023\/07\/asesoria_presencial.jpg 882w, https:\/\/www.grandepermacultura.com\/wp-content\/uploads\/2023\/07\/asesoria_presencial-288x300.jpg 288w, https:\/\/www.grandepermacultura.com\/wp-content\/uploads\/2023\/07\/asesoria_presencial-768x799.jpg 768w\" sizes=\"(max-width: 800px) 100vw, 800px\" \/>\t\t\t\t\t\t\t\t\t\t\t\t\t\t\t<\/div>\n\t\t\t\t<\/div>\n\t\t\t\t<section class=\"elementor-section elementor-inner-section elementor-element elementor-element-5906c25 elementor-section-boxed elementor-section-height-default elementor-section-height-default\" data-id=\"5906c25\" data-element_type=\"section\">\n\t\t\t\t\t\t<div class=\"elementor-container elementor-column-gap-default\">\n\t\t\t\t\t<div class=\"elementor-column elementor-col-100 elementor-inner-column elementor-element elementor-element-9405382\" data-id=\"9405382\" data-element_type=\"column\">\n\t\t\t<div class=\"elementor-widget-wrap elementor-element-populated\">\n\t\t\t\t\t\t<div class=\"elementor-element elementor-element-652b0f8 elementor-widget elementor-widget-heading\" data-id=\"652b0f8\" data-element_type=\"widget\" data-widget_type=\"heading.default\">\n\t\t\t\t<div class=\"elementor-widget-container\">\n\t\t\t\t\t<h2 class=\"elementor-heading-title elementor-size-large\">talleres<\/h2>\t\t\t\t<\/div>\n\t\t\t\t<\/div>\n\t\t\t\t<div class=\"elementor-element elementor-element-c33d80b elementor-widget elementor-widget-text-editor\" data-id=\"c33d80b\" data-element_type=\"widget\" data-widget_type=\"text-editor.default\">\n\t\t\t\t<div class=\"elementor-widget-container\">\n\t\t\t\t\t\t\t\t\t<p>A trav\u00e9s de mis talleres intento acercar al participante una experiencia de aprendizaje sobre una determinada tem\u00e1tica de la forma m\u00e1s clara, concisa y significativa posible, en un periodo de tiempo que puede ir desde 1 hasta 4 d\u00edas.<\/p><p>Los talleres suelen ser de car\u00e1cter introductorio y se puede abordar tem\u00e1ticas de permacultura a nivel general, dise\u00f1o permacultural, dise\u00f1o de ecoaldeas y dise\u00f1o de sistemas h\u00eddricos como estanques, biopiscinas, sistemas de fitodepuraci\u00f3n y gesti\u00f3n h\u00eddrica para diversos espacios.<\/p><p>\u00a0<\/p>\t\t\t\t\t\t\t\t<\/div>\n\t\t\t\t<\/div>\n\t\t\t\t\t<\/div>\n\t\t<\/div>\n\t\t\t\t\t<\/div>\n\t\t<\/section>\n\t\t\t\t\t<\/div>\n\t\t<\/div>\n\t\t\t\t<div class=\"elementor-column elementor-col-33 elementor-top-column elementor-element elementor-element-1f7d9e8\" data-id=\"1f7d9e8\" data-element_type=\"column\">\n\t\t\t<div class=\"elementor-widget-wrap elementor-element-populated\">\n\t\t\t\t\t\t<div class=\"elementor-element elementor-element-c0e5611 img_transp elementor-widget elementor-widget-image\" data-id=\"c0e5611\" data-element_type=\"widget\" data-widget_type=\"image.default\">\n\t\t\t\t<div class=\"elementor-widget-container\">\n\t\t\t\t\t\t\t\t\t\t\t\t\t\t\t<img loading=\"lazy\" decoding=\"async\" width=\"800\" height=\"833\" src=\"https:\/\/www.grandepermacultura.com\/wp-content\/uploads\/2023\/07\/acompanamiento_proyectos.jpg\" class=\"attachment-large size-large wp-image-830\" alt=\"\" srcset=\"https:\/\/www.grandepermacultura.com\/wp-content\/uploads\/2023\/07\/acompanamiento_proyectos.jpg 882w, https:\/\/www.grandepermacultura.com\/wp-content\/uploads\/2023\/07\/acompanamiento_proyectos-288x300.jpg 288w, https:\/\/www.grandepermacultura.com\/wp-content\/uploads\/2023\/07\/acompanamiento_proyectos-768x799.jpg 768w\" sizes=\"(max-width: 800px) 100vw, 800px\" \/>\t\t\t\t\t\t\t\t\t\t\t\t\t\t\t<\/div>\n\t\t\t\t<\/div>\n\t\t\t\t<section class=\"elementor-section elementor-inner-section elementor-element elementor-element-dff0578 elementor-section-boxed elementor-section-height-default elementor-section-height-default\" data-id=\"dff0578\" data-element_type=\"section\">\n\t\t\t\t\t\t<div class=\"elementor-container elementor-column-gap-default\">\n\t\t\t\t\t<div class=\"elementor-column elementor-col-100 elementor-inner-column elementor-element elementor-element-d130f73\" data-id=\"d130f73\" data-element_type=\"column\">\n\t\t\t<div class=\"elementor-widget-wrap elementor-element-populated\">\n\t\t\t\t\t\t<div class=\"elementor-element elementor-element-84a3bc7 elementor-widget elementor-widget-heading\" data-id=\"84a3bc7\" data-element_type=\"widget\" data-widget_type=\"heading.default\">\n\t\t\t\t<div class=\"elementor-widget-container\">\n\t\t\t\t\t<h2 class=\"elementor-heading-title elementor-size-large\">formaci\u00f3n<\/h2>\t\t\t\t<\/div>\n\t\t\t\t<\/div>\n\t\t\t\t<div class=\"elementor-element elementor-element-1463c2f elementor-widget elementor-widget-text-editor\" data-id=\"1463c2f\" data-element_type=\"widget\" data-widget_type=\"text-editor.default\">\n\t\t\t\t<div class=\"elementor-widget-container\">\n\t\t\t\t\t\t\t\t\t<p>Las formaciones que ofrezco est\u00e1n enfocadas en profundizar y profesionalizar a los participantes entorno a alguna de las tem\u00e1ticas en las que me especializo, a lo largo de un proceso formativo m\u00e1s intenso que un taller y que puede extenderse desde 3 a 14 d\u00edas.<\/p><p>En estos procesos educativos encontramos generalmente propuestas te\u00f3rico-pr\u00e1cticas donde abordar formaciones avanzadas en permacultura, dise\u00f1o de ecoaldeas y creaci\u00f3n de cuerpos de agua, como estanques, biopiscinas y sistemas de pluviales o fitodepuraci\u00f3n.<\/p>\t\t\t\t\t\t\t\t<\/div>\n\t\t\t\t<\/div>\n\t\t\t\t\t<\/div>\n\t\t<\/div>\n\t\t\t\t\t<\/div>\n\t\t<\/section>\n\t\t\t\t\t<\/div>\n\t\t<\/div>\n\t\t\t\t\t<\/div>\n\t\t<\/section>\n\t\t\t\t<section class=\"elementor-section elementor-top-section elementor-element elementor-element-3dfdb89 elementor-section-boxed elementor-section-height-default elementor-section-height-default\" data-id=\"3dfdb89\" data-element_type=\"section\">\n\t\t\t\t\t\t<div class=\"elementor-container elementor-column-gap-default\">\n\t\t\t\t\t<div class=\"elementor-column elementor-col-100 elementor-top-column elementor-element elementor-element-569b8ba\" data-id=\"569b8ba\" data-element_type=\"column\">\n\t\t\t<div class=\"elementor-widget-wrap elementor-element-populated\">\n\t\t\t\t\t\t<div class=\"elementor-element elementor-element-1a0f367 elementor-view-default elementor-widget elementor-widget-icon\" data-id=\"1a0f367\" data-element_type=\"widget\" data-widget_type=\"icon.default\">\n\t\t\t\t<div class=\"elementor-widget-container\">\n\t\t\t\t\t\t\t<div class=\"elementor-icon-wrapper\">\n\t\t\t<a class=\"elementor-icon\" href=\"#\">\n\t\t\t<svg xmlns=\"http:\/\/www.w3.org\/2000\/svg\" viewBox=\"0 0 60.83 60.74\"><title>Recurso 1<\/title><g id=\"Capa_2\" data-name=\"Capa 2\"><g id=\"Capa_1-2\" data-name=\"Capa 1\"><path d=\"M20.43,58v2.51l-.66,0H5.38A5.12,5.12,0,0,1,0,55.18V5.48A5.14,5.14,0,0,1,5.52,0H53.58A5.13,5.13,0,0,1,59,5.45v34.7H56.42V5.6a5.09,5.09,0,0,0-.09-1.18,2.52,2.52,0,0,0-2.6-1.85H18.52q-6.6,0-13.2,0A2.5,2.5,0,0,0,2.59,5.33V33.5c0,7.14,0,14.27,0,21.41A2.86,2.86,0,0,0,5.69,58c4.66-.07,9.32,0,14,0Z\"><\/path><path d=\"M60.83,54.4l-4.51-.22c-.85,0-1.7-.07-2.55-.16a.69.69,0,0,0-.77.46c-1,1.87-1.93,3.73-2.9,5.59-.09.19-.2.37-.35.65L42.07,47.4,35.34,60.74l-.4-.62c-1.07-1.81-2.15-3.61-3.2-5.42a.69.69,0,0,0-.8-.4c-2.3.27-4.61.5-7,.76.11-.23.18-.4.26-.56l7.67-15.22a1.16,1.16,0,0,0,0-1.1c-1.8-4.26-1.36-8.31,1.61-11.86a10.73,10.73,0,0,1,11.66-3.69,10.83,10.83,0,0,1,8.21,8.8,10.5,10.5,0,0,1-1.08,7.26.81.81,0,0,0,0,.92q4.08,7.05,8.14,14.1ZM42.2,42.24a8.74,8.74,0,1,0-8.77-8.59A8.75,8.75,0,0,0,42.2,42.24ZM40.54,44.7a11.7,11.7,0,0,1-6.74-3.58L28.32,52c1.22-.13,2.33-.2,3.41-.38.81-.14,1.34,0,1.67.82A11,11,0,0,0,34.32,54l.83,1.38Zm9.84-3.32a11.59,11.59,0,0,1-6.87,3.36l6.13,10.65c.51-1,1-1.83,1.4-2.75a1.67,1.67,0,0,1,2.14-1.22,23.26,23.26,0,0,0,3.09.18C54.27,48.14,52.34,44.78,50.38,41.38Z\"><\/path><path d=\"M29.15,14.77h-19c-1.14,0-1.73-.45-1.71-1.27s.62-1.23,1.7-1.23h38.4a1.27,1.27,0,0,1,1.25,1.31,1.22,1.22,0,0,1-1.3,1.18c-2.76,0-5.51,0-8.27,0H29.15Z\"><\/path><path d=\"M18.27,22.46h8.26a1.26,1.26,0,1,1,.06,2.5H10c-1,0-1.63-.59-1.51-1.4a1.28,1.28,0,0,1,1.39-1.1h8.39Z\"><\/path><path d=\"M17,35.22H9.81a1.2,1.2,0,0,1-1.28-.92A1.13,1.13,0,0,1,9,33a1.66,1.66,0,0,1,.84-.23H24a1.26,1.26,0,1,1,0,2.5Z\"><\/path><\/g><\/g><\/svg>\t\t\t<\/a>\n\t\t<\/div>\n\t\t\t\t\t\t<\/div>\n\t\t\t\t<\/div>\n\t\t\t\t<div class=\"elementor-element elementor-element-ac8ba49 elementor-widget elementor-widget-text-editor\" data-id=\"ac8ba49\" data-element_type=\"widget\" data-widget_type=\"text-editor.default\">\n\t\t\t\t<div class=\"elementor-widget-container\">\n\t\t\t\t\t\t\t\t\t<p>Pincha <a href=\"#\">aqu\u00ed<\/a> si quieres descargar algunas de mis propuestas formativas y tarifas actualizadas<br \/>O ponte en contacto conmigo si quieres crear una propuesta formativa adaptada.<\/p>\t\t\t\t\t\t\t\t<\/div>\n\t\t\t\t<\/div>\n\t\t\t\t\t<\/div>\n\t\t<\/div>\n\t\t\t\t\t<\/div>\n\t\t<\/section>\n\t\t\t\t<\/div>\n\t\t","protected":false},"excerpt":{"rendered":"<p>formaci\u00f3n La difusi\u00f3n de la permacultura y otros \u00e1mbitos regenerativos ha sido uno de los mayores compromisos de mi actividad profesional. Colaborando como formador en diversas instituciones y proyectos educativos a nivel nacional e internacional, con la convicci\u00f3n de que la difusi\u00f3n de conocimiento y buenas pr\u00e1cticas es y ser\u00e1 una pieza clave para la [&hellip;]<\/p>\n","protected":false},"author":1,"featured_media":0,"parent":0,"menu_order":0,"comment_status":"closed","ping_status":"closed","template":"elementor_header_footer","meta":{"footnotes":""},"class_list":["post-868","page","type-page","status-publish","hentry"],"_links":{"self":[{"href":"https:\/\/www.grandepermacultura.com\/es\/wp-json\/wp\/v2\/pages\/868","targetHints":{"allow":["GET"]}}],"collection":[{"href":"https:\/\/www.grandepermacultura.com\/es\/wp-json\/wp\/v2\/pages"}],"about":[{"href":"https:\/\/www.grandepermacultura.com\/es\/wp-json\/wp\/v2\/types\/page"}],"author":[{"embeddable":true,"href":"https:\/\/www.grandepermacultura.com\/es\/wp-json\/wp\/v2\/users\/1"}],"replies":[{"embeddable":true,"href":"https:\/\/www.grandepermacultura.com\/es\/wp-json\/wp\/v2\/comments?post=868"}],"version-history":[{"count":35,"href":"https:\/\/www.grandepermacultura.com\/es\/wp-json\/wp\/v2\/pages\/868\/revisions"}],"predecessor-version":[{"id":1621,"href":"https:\/\/www.grandepermacultura.com\/es\/wp-json\/wp\/v2\/pages\/868\/revisions\/1621"}],"wp:attachment":[{"href":"https:\/\/www.grandepermacultura.com\/es\/wp-json\/wp\/v2\/media?parent=868"}],"curies":[{"name":"wp","href":"https:\/\/api.w.org\/{rel}","templated":true}]}}